{"id":8986,"date":"2022-04-08T12:53:35","date_gmt":"2022-04-08T10:53:35","guid":{"rendered":"https:\/\/www.transenne.net\/vendita\/muell-und-sauber\/"},"modified":"2025-10-08T16:36:57","modified_gmt":"2025-10-08T14:36:57","slug":"muell-und-sauber","status":"publish","type":"product","link":"https:\/\/www.transenne.net\/de\/ausverkauf\/muell-und-sauber\/","title":{"rendered":"M\u00fcll und sauber"},"content":{"rendered":"","protected":false},"excerpt":{"rendered":"<p>Anpassbare Beh\u00e4lter f\u00fcr die getrennte Abfallsammlung<\/p>\n","protected":false},"featured_media":2914,"template":"","meta":{"_acf_changed":false,"content-type":"","inline_featured_image":false},"event-type":[471,473],"product_brand":[],"product_cat":[104],"product_tag":[],"class_list":{"0":"post-8986","1":"product","2":"type-product","3":"status-publish","4":"has-post-thumbnail","6":"event-type-eventi-e-manifestazioni","7":"event-type-stand-fieristici-e-pubblicitari","8":"product_cat-hurde","10":"first","11":"instock","12":"sale","13":"taxable","14":"shipping-taxable","15":"purchasable","16":"product-type-simple"},"acf":[],"yoast_head":"<!-- This site is optimized with the Yoast SEO plugin v27.3 - https:\/\/yoast.com\/product\/yoast-seo-wordpress\/ -->\n<title>M\u00fcll und sauber: Recycling-Beh\u00e4lter | Transenne.net<\/title>\n<meta name=\"description\" content=\"Der M\u00fclleimer ist die perfekte L\u00f6sung f\u00fcr Veranstaltungen: langlebig, einfach zu bedienen und anpassbar. Weitere Informationen.\" \/>\n<meta name=\"robots\" content=\"index, follow, max-snippet:-1, max-image-preview:large, max-video-preview:-1\" \/>\n<link rel=\"canonical\" href=\"https:\/\/www.transenne.net\/de\/ausverkauf\/muell-und-sauber\/\" \/>\n<meta property=\"og:locale\" content=\"de_DE\" \/>\n<meta property=\"og:type\" content=\"article\" \/>\n<meta property=\"og:title\" content=\"M\u00fcll und sauber: Recycling-Beh\u00e4lter | Transenne.net\" \/>\n<meta property=\"og:description\" content=\"Der M\u00fclleimer ist die perfekte L\u00f6sung f\u00fcr Veranstaltungen: langlebig, einfach zu bedienen und anpassbar. Weitere Informationen.\" \/>\n<meta property=\"og:url\" content=\"https:\/\/www.transenne.net\/de\/ausverkauf\/muell-und-sauber\/\" \/>\n<meta property=\"og:site_name\" content=\"Transenne.net\" \/>\n<meta property=\"article:modified_time\" content=\"2025-10-08T14:36:57+00:00\" \/>\n<meta property=\"og:image\" content=\"https:\/\/www.transenne.net\/wp-content\/uploads\/2022\/04\/trash-and-clean.png\" \/>\n\t<meta property=\"og:image:width\" content=\"600\" \/>\n\t<meta property=\"og:image:height\" content=\"569\" \/>\n\t<meta property=\"og:image:type\" content=\"image\/png\" \/>\n<meta name=\"twitter:card\" content=\"summary_large_image\" \/>\n<!-- \/ Yoast SEO plugin. -->","yoast_head_json":{"title":"M\u00fcll und sauber: Recycling-Beh\u00e4lter | Transenne.net","description":"Der M\u00fclleimer ist die perfekte L\u00f6sung f\u00fcr Veranstaltungen: langlebig, einfach zu bedienen und anpassbar. Weitere Informationen.","robots":{"index":"index","follow":"follow","max-snippet":"max-snippet:-1","max-image-preview":"max-image-preview:large","max-video-preview":"max-video-preview:-1"},"canonical":"https:\/\/www.transenne.net\/de\/ausverkauf\/muell-und-sauber\/","og_locale":"de_DE","og_type":"article","og_title":"M\u00fcll und sauber: Recycling-Beh\u00e4lter | Transenne.net","og_description":"Der M\u00fclleimer ist die perfekte L\u00f6sung f\u00fcr Veranstaltungen: langlebig, einfach zu bedienen und anpassbar. Weitere Informationen.","og_url":"https:\/\/www.transenne.net\/de\/ausverkauf\/muell-und-sauber\/","og_site_name":"Transenne.net","article_modified_time":"2025-10-08T14:36:57+00:00","og_image":[{"width":600,"height":569,"url":"https:\/\/www.transenne.net\/wp-content\/uploads\/2022\/04\/trash-and-clean.png","type":"image\/png"}],"twitter_card":"summary_large_image","schema":{"@context":"https:\/\/schema.org","@graph":[{"@type":"WebPage","@id":"https:\/\/www.transenne.net\/de\/ausverkauf\/muell-und-sauber\/","url":"https:\/\/www.transenne.net\/de\/ausverkauf\/muell-und-sauber\/","name":"M\u00fcll und sauber: Recycling-Beh\u00e4lter | Transenne.net","isPartOf":{"@id":"https:\/\/www.transenne.net\/de\/#website"},"primaryImageOfPage":{"@id":"https:\/\/www.transenne.net\/de\/ausverkauf\/muell-und-sauber\/#primaryimage"},"image":{"@id":"https:\/\/www.transenne.net\/de\/ausverkauf\/muell-und-sauber\/#primaryimage"},"thumbnailUrl":"https:\/\/www.transenne.net\/wp-content\/uploads\/2022\/04\/trash-and-clean.png","datePublished":"2022-04-08T10:53:35+00:00","dateModified":"2025-10-08T14:36:57+00:00","description":"Der M\u00fclleimer ist die perfekte L\u00f6sung f\u00fcr Veranstaltungen: langlebig, einfach zu bedienen und anpassbar. Weitere Informationen.","breadcrumb":{"@id":"https:\/\/www.transenne.net\/de\/ausverkauf\/muell-und-sauber\/#breadcrumb"},"inLanguage":"de","potentialAction":[{"@type":"ReadAction","target":["https:\/\/www.transenne.net\/de\/ausverkauf\/muell-und-sauber\/"]}]},{"@type":"ImageObject","inLanguage":"de","@id":"https:\/\/www.transenne.net\/de\/ausverkauf\/muell-und-sauber\/#primaryimage","url":"https:\/\/www.transenne.net\/wp-content\/uploads\/2022\/04\/trash-and-clean.png","contentUrl":"https:\/\/www.transenne.net\/wp-content\/uploads\/2022\/04\/trash-and-clean.png","width":600,"height":569,"caption":"Transenne Trash and Clean"},{"@type":"BreadcrumbList","@id":"https:\/\/www.transenne.net\/de\/ausverkauf\/muell-und-sauber\/#breadcrumb","itemListElement":[{"@type":"ListItem","position":1,"name":"Home","item":"https:\/\/www.transenne.net\/de\/"},{"@type":"ListItem","position":2,"name":"Verkauf von Barrieren und Event-Produkte","item":"https:\/\/www.transenne.net\/it\/vendita\/"},{"@type":"ListItem","position":3,"name":"M\u00fcll und sauber"}]},{"@type":"WebSite","@id":"https:\/\/www.transenne.net\/de\/#website","url":"https:\/\/www.transenne.net\/de\/","name":"Transenne.net","description":"","publisher":{"@id":"https:\/\/www.transenne.net\/de\/#organization"},"potentialAction":[{"@type":"SearchAction","target":{"@type":"EntryPoint","urlTemplate":"https:\/\/www.transenne.net\/de\/?s={search_term_string}"},"query-input":{"@type":"PropertyValueSpecification","valueRequired":true,"valueName":"search_term_string"}}],"inLanguage":"de"},{"@type":"Organization","@id":"https:\/\/www.transenne.net\/de\/#organization","name":"Transenne.net","url":"https:\/\/www.transenne.net\/de\/","logo":{"@type":"ImageObject","inLanguage":"de","@id":"https:\/\/www.transenne.net\/de\/#\/schema\/logo\/image\/","url":"https:\/\/www.transenne.net\/wp-content\/uploads\/2022\/05\/logo_transenne-1.png","contentUrl":"https:\/\/www.transenne.net\/wp-content\/uploads\/2022\/05\/logo_transenne-1.png","width":1536,"height":186,"caption":"Transenne.net"},"image":{"@id":"https:\/\/www.transenne.net\/de\/#\/schema\/logo\/image\/"}}]}},"_links":{"self":[{"href":"https:\/\/www.transenne.net\/de\/wp-json\/wp\/v2\/product\/8986","targetHints":{"allow":["GET"]}}],"collection":[{"href":"https:\/\/www.transenne.net\/de\/wp-json\/wp\/v2\/product"}],"about":[{"href":"https:\/\/www.transenne.net\/de\/wp-json\/wp\/v2\/types\/product"}],"wp:featuredmedia":[{"embeddable":true,"href":"https:\/\/www.transenne.net\/de\/wp-json\/wp\/v2\/media\/2914"}],"wp:attachment":[{"href":"https:\/\/www.transenne.net\/de\/wp-json\/wp\/v2\/media?parent=8986"}],"wp:term":[{"taxonomy":"event-type","embeddable":true,"href":"https:\/\/www.transenne.net\/de\/wp-json\/wp\/v2\/event-type?post=8986"},{"taxonomy":"product_brand","embeddable":true,"href":"https:\/\/www.transenne.net\/de\/wp-json\/wp\/v2\/product_brand?post=8986"},{"taxonomy":"product_cat","embeddable":true,"href":"https:\/\/www.transenne.net\/de\/wp-json\/wp\/v2\/product_cat?post=8986"},{"taxonomy":"product_tag","embeddable":true,"href":"https:\/\/www.transenne.net\/de\/wp-json\/wp\/v2\/product_tag?post=8986"}],"curies":[{"name":"wp","href":"https:\/\/api.w.org\/{rel}","templated":true}]}}