{"id":8984,"date":"2024-12-18T11:06:41","date_gmt":"2024-12-18T10:06:41","guid":{"rendered":"https:\/\/www.transenne.net\/vendita\/stapelbare-barriere-aus-new-jersey\/"},"modified":"2024-12-18T11:06:41","modified_gmt":"2024-12-18T10:06:41","slug":"stapelbare-barriere-aus-new-jersey","status":"publish","type":"product","link":"https:\/\/www.transenne.net\/de\/ausverkauf\/stapelbare-barriere-aus-new-jersey\/","title":{"rendered":"Stapelbare Barriere aus New Jersey"},"content":{"rendered":"","protected":false},"excerpt":{"rendered":"<p><strong>Barriere New Jersey Stapelbar<\/strong><\/p>\n","protected":false},"featured_media":9203,"template":"","meta":{"_acf_changed":false,"content-type":"","inline_featured_image":false},"event-type":[475],"product_brand":[],"product_cat":[104],"product_tag":[],"class_list":{"0":"post-8984","1":"product","2":"type-product","3":"status-publish","4":"has-post-thumbnail","6":"event-type-edilizia-e-sicurezza-aziendale","7":"product_cat-hurde","9":"first","10":"instock","11":"sale","12":"taxable","13":"shipping-taxable","14":"purchasable","15":"product-type-variable"},"acf":[],"yoast_head":"<!-- This site is optimized with the Yoast SEO plugin v27.3 - https:\/\/yoast.com\/product\/yoast-seo-wordpress\/ -->\n<title>New Jersey Stapelbare Barriere | Transenne.net<\/title>\n<meta name=\"description\" content=\"Kaufen Sie den Barrier New Jersey Stackable bei Transenne.net. Es ist ideal f\u00fcr Baustellen, Veranstaltungen und Stra\u00dfenarbeiten und bietet Sicherheit, Vielseitigkeit und Praktikabilit\u00e4t. Erfahren Sie mehr und bestellen Sie jetzt!\" \/>\n<meta name=\"robots\" content=\"index, follow, max-snippet:-1, max-image-preview:large, max-video-preview:-1\" \/>\n<link rel=\"canonical\" href=\"https:\/\/www.transenne.net\/de\/ausverkauf\/stapelbare-barriere-aus-new-jersey\/\" \/>\n<meta property=\"og:locale\" content=\"de_DE\" \/>\n<meta property=\"og:type\" content=\"article\" \/>\n<meta property=\"og:title\" content=\"New Jersey Stapelbare Barriere | Transenne.net\" \/>\n<meta property=\"og:description\" content=\"Kaufen Sie den Barrier New Jersey Stackable bei Transenne.net. Es ist ideal f\u00fcr Baustellen, Veranstaltungen und Stra\u00dfenarbeiten und bietet Sicherheit, Vielseitigkeit und Praktikabilit\u00e4t. Erfahren Sie mehr und bestellen Sie jetzt!\" \/>\n<meta property=\"og:url\" content=\"https:\/\/www.transenne.net\/de\/ausverkauf\/stapelbare-barriere-aus-new-jersey\/\" \/>\n<meta property=\"og:site_name\" content=\"Transenne.net\" \/>\n<meta property=\"og:image\" content=\"https:\/\/www.transenne.net\/wp-content\/uploads\/2024\/12\/NewJersey_Transenne.net_QUAD.png\" \/>\n\t<meta property=\"og:image:width\" content=\"1080\" \/>\n\t<meta property=\"og:image:height\" content=\"1080\" \/>\n\t<meta property=\"og:image:type\" content=\"image\/png\" \/>\n<meta name=\"twitter:card\" content=\"summary_large_image\" \/>\n<!-- \/ Yoast SEO plugin. -->","yoast_head_json":{"title":"New Jersey Stapelbare Barriere | Transenne.net","description":"Kaufen Sie den Barrier New Jersey Stackable bei Transenne.net. Es ist ideal f\u00fcr Baustellen, Veranstaltungen und Stra\u00dfenarbeiten und bietet Sicherheit, Vielseitigkeit und Praktikabilit\u00e4t. Erfahren Sie mehr und bestellen Sie jetzt!","robots":{"index":"index","follow":"follow","max-snippet":"max-snippet:-1","max-image-preview":"max-image-preview:large","max-video-preview":"max-video-preview:-1"},"canonical":"https:\/\/www.transenne.net\/de\/ausverkauf\/stapelbare-barriere-aus-new-jersey\/","og_locale":"de_DE","og_type":"article","og_title":"New Jersey Stapelbare Barriere | Transenne.net","og_description":"Kaufen Sie den Barrier New Jersey Stackable bei Transenne.net. Es ist ideal f\u00fcr Baustellen, Veranstaltungen und Stra\u00dfenarbeiten und bietet Sicherheit, Vielseitigkeit und Praktikabilit\u00e4t. Erfahren Sie mehr und bestellen Sie jetzt!","og_url":"https:\/\/www.transenne.net\/de\/ausverkauf\/stapelbare-barriere-aus-new-jersey\/","og_site_name":"Transenne.net","og_image":[{"width":1080,"height":1080,"url":"https:\/\/www.transenne.net\/wp-content\/uploads\/2024\/12\/NewJersey_Transenne.net_QUAD.png","type":"image\/png"}],"twitter_card":"summary_large_image","schema":{"@context":"https:\/\/schema.org","@graph":[{"@type":"WebPage","@id":"https:\/\/www.transenne.net\/de\/ausverkauf\/stapelbare-barriere-aus-new-jersey\/","url":"https:\/\/www.transenne.net\/de\/ausverkauf\/stapelbare-barriere-aus-new-jersey\/","name":"New Jersey Stapelbare Barriere | Transenne.net","isPartOf":{"@id":"https:\/\/www.transenne.net\/de\/#website"},"primaryImageOfPage":{"@id":"https:\/\/www.transenne.net\/de\/ausverkauf\/stapelbare-barriere-aus-new-jersey\/#primaryimage"},"image":{"@id":"https:\/\/www.transenne.net\/de\/ausverkauf\/stapelbare-barriere-aus-new-jersey\/#primaryimage"},"thumbnailUrl":"https:\/\/www.transenne.net\/wp-content\/uploads\/2024\/12\/ST-New-Jersey-pulito.jpg","datePublished":"2024-12-18T10:06:41+00:00","description":"Kaufen Sie den Barrier New Jersey Stackable bei Transenne.net. Es ist ideal f\u00fcr Baustellen, Veranstaltungen und Stra\u00dfenarbeiten und bietet Sicherheit, Vielseitigkeit und Praktikabilit\u00e4t. Erfahren Sie mehr und bestellen Sie jetzt!","breadcrumb":{"@id":"https:\/\/www.transenne.net\/de\/ausverkauf\/stapelbare-barriere-aus-new-jersey\/#breadcrumb"},"inLanguage":"de","potentialAction":[{"@type":"ReadAction","target":["https:\/\/www.transenne.net\/de\/ausverkauf\/stapelbare-barriere-aus-new-jersey\/"]}]},{"@type":"ImageObject","inLanguage":"de","@id":"https:\/\/www.transenne.net\/de\/ausverkauf\/stapelbare-barriere-aus-new-jersey\/#primaryimage","url":"https:\/\/www.transenne.net\/wp-content\/uploads\/2024\/12\/ST-New-Jersey-pulito.jpg","contentUrl":"https:\/\/www.transenne.net\/wp-content\/uploads\/2024\/12\/ST-New-Jersey-pulito.jpg","width":661,"height":457},{"@type":"BreadcrumbList","@id":"https:\/\/www.transenne.net\/de\/ausverkauf\/stapelbare-barriere-aus-new-jersey\/#breadcrumb","itemListElement":[{"@type":"ListItem","position":1,"name":"Home","item":"https:\/\/www.transenne.net\/de\/"},{"@type":"ListItem","position":2,"name":"Verkauf von Barrieren und Event-Produkte","item":"https:\/\/www.transenne.net\/it\/vendita\/"},{"@type":"ListItem","position":3,"name":"Stapelbare Barriere aus New Jersey"}]},{"@type":"WebSite","@id":"https:\/\/www.transenne.net\/de\/#website","url":"https:\/\/www.transenne.net\/de\/","name":"Transenne.net","description":"","publisher":{"@id":"https:\/\/www.transenne.net\/de\/#organization"},"potentialAction":[{"@type":"SearchAction","target":{"@type":"EntryPoint","urlTemplate":"https:\/\/www.transenne.net\/de\/?s={search_term_string}"},"query-input":{"@type":"PropertyValueSpecification","valueRequired":true,"valueName":"search_term_string"}}],"inLanguage":"de"},{"@type":"Organization","@id":"https:\/\/www.transenne.net\/de\/#organization","name":"Transenne.net","url":"https:\/\/www.transenne.net\/de\/","logo":{"@type":"ImageObject","inLanguage":"de","@id":"https:\/\/www.transenne.net\/de\/#\/schema\/logo\/image\/","url":"https:\/\/www.transenne.net\/wp-content\/uploads\/2022\/05\/logo_transenne-1.png","contentUrl":"https:\/\/www.transenne.net\/wp-content\/uploads\/2022\/05\/logo_transenne-1.png","width":1536,"height":186,"caption":"Transenne.net"},"image":{"@id":"https:\/\/www.transenne.net\/de\/#\/schema\/logo\/image\/"}}]}},"_links":{"self":[{"href":"https:\/\/www.transenne.net\/de\/wp-json\/wp\/v2\/product\/8984","targetHints":{"allow":["GET"]}}],"collection":[{"href":"https:\/\/www.transenne.net\/de\/wp-json\/wp\/v2\/product"}],"about":[{"href":"https:\/\/www.transenne.net\/de\/wp-json\/wp\/v2\/types\/product"}],"wp:featuredmedia":[{"embeddable":true,"href":"https:\/\/www.transenne.net\/de\/wp-json\/wp\/v2\/media\/9203"}],"wp:attachment":[{"href":"https:\/\/www.transenne.net\/de\/wp-json\/wp\/v2\/media?parent=8984"}],"wp:term":[{"taxonomy":"event-type","embeddable":true,"href":"https:\/\/www.transenne.net\/de\/wp-json\/wp\/v2\/event-type?post=8984"},{"taxonomy":"product_brand","embeddable":true,"href":"https:\/\/www.transenne.net\/de\/wp-json\/wp\/v2\/product_brand?post=8984"},{"taxonomy":"product_cat","embeddable":true,"href":"https:\/\/www.transenne.net\/de\/wp-json\/wp\/v2\/product_cat?post=8984"},{"taxonomy":"product_tag","embeddable":true,"href":"https:\/\/www.transenne.net\/de\/wp-json\/wp\/v2\/product_tag?post=8984"}],"curies":[{"name":"wp","href":"https:\/\/api.w.org\/{rel}","templated":true}]}}