{"id":8773,"date":"2025-10-02T11:38:15","date_gmt":"2025-10-02T09:38:15","guid":{"rendered":"https:\/\/www.transenne.net\/vendita\/gestell-fuer-bauzaeune\/"},"modified":"2025-10-02T11:38:15","modified_gmt":"2025-10-02T09:38:15","slug":"gestell-fuer-bauzaeune","status":"publish","type":"product","link":"https:\/\/www.transenne.net\/de\/ausverkauf\/gestell-fuer-bauzaeune\/","title":{"rendered":"Gestell f\u00fcr Bauz\u00e4une"},"content":{"rendered":"","protected":false},"excerpt":{"rendered":"<p>Das Bauzaungestell erm\u00f6glicht es Ihnen, den Transport und die Lagerung von Bauz\u00e4unen zu optimieren und zu vereinfachen, indem es die M\u00f6glichkeit bietet, <strong>bis zu 25 Paneele auf kleinstem Raum zu transportieren.<\/strong><\/p>\n<p>Mit den Ma\u00dfen 3400x1180H mm wiegt er ca. 100kg.<\/p>\n<p>Finish: Feuerverzinkung (&gt;400 g\/m).<\/p>\n","protected":false},"featured_media":8660,"template":"","meta":{"_acf_changed":false,"content-type":"","inline_featured_image":false},"event-type":[],"product_brand":[],"product_cat":[450],"product_tag":[],"class_list":{"0":"post-8773","1":"product","2":"type-product","3":"status-publish","4":"has-post-thumbnail","6":"product_cat-zeug","8":"first","9":"instock","10":"sale","11":"taxable","12":"shipping-taxable","13":"purchasable","14":"product-type-simple"},"acf":[],"yoast_head":"<!-- This site is optimized with the Yoast SEO plugin v27.3 - https:\/\/yoast.com\/product\/yoast-seo-wordpress\/ -->\n<title>Gestell f\u00fcr Bauz\u00e4une - Transenne.net<\/title>\n<meta name=\"robots\" content=\"index, follow, max-snippet:-1, max-image-preview:large, max-video-preview:-1\" \/>\n<link rel=\"canonical\" href=\"https:\/\/www.transenne.net\/de\/ausverkauf\/gestell-fuer-bauzaeune\/\" \/>\n<meta property=\"og:locale\" content=\"de_DE\" \/>\n<meta property=\"og:type\" content=\"article\" \/>\n<meta property=\"og:title\" content=\"Gestell f\u00fcr Bauz\u00e4une - Transenne.net\" \/>\n<meta property=\"og:description\" content=\"Das Bauzaungestell erm\u00f6glicht es Ihnen, den Transport und die Lagerung von Bauz\u00e4unen zu optimieren und zu vereinfachen, indem es die M\u00f6glichkeit bietet, bis zu 25 Paneele auf kleinstem Raum zu transportieren. Mit den Ma\u00dfen 3400x1180H mm wiegt er ca. 100kg. Finish: Feuerverzinkung (&gt;400 g\/m).\" \/>\n<meta property=\"og:url\" content=\"https:\/\/www.transenne.net\/de\/ausverkauf\/gestell-fuer-bauzaeune\/\" \/>\n<meta property=\"og:site_name\" content=\"Transenne.net\" \/>\n<meta property=\"og:image\" content=\"https:\/\/www.transenne.net\/wp-content\/uploads\/2025\/10\/Senza-titolo-900-x-900-px.png\" \/>\n\t<meta property=\"og:image:width\" content=\"900\" \/>\n\t<meta property=\"og:image:height\" content=\"900\" \/>\n\t<meta property=\"og:image:type\" content=\"image\/png\" \/>\n<meta name=\"twitter:card\" content=\"summary_large_image\" \/>\n<!-- \/ Yoast SEO plugin. -->","yoast_head_json":{"title":"Gestell f\u00fcr Bauz\u00e4une - Transenne.net","robots":{"index":"index","follow":"follow","max-snippet":"max-snippet:-1","max-image-preview":"max-image-preview:large","max-video-preview":"max-video-preview:-1"},"canonical":"https:\/\/www.transenne.net\/de\/ausverkauf\/gestell-fuer-bauzaeune\/","og_locale":"de_DE","og_type":"article","og_title":"Gestell f\u00fcr Bauz\u00e4une - Transenne.net","og_description":"Das Bauzaungestell erm\u00f6glicht es Ihnen, den Transport und die Lagerung von Bauz\u00e4unen zu optimieren und zu vereinfachen, indem es die M\u00f6glichkeit bietet, bis zu 25 Paneele auf kleinstem Raum zu transportieren. Mit den Ma\u00dfen 3400x1180H mm wiegt er ca. 100kg. Finish: Feuerverzinkung (&gt;400 g\/m).","og_url":"https:\/\/www.transenne.net\/de\/ausverkauf\/gestell-fuer-bauzaeune\/","og_site_name":"Transenne.net","og_image":[{"width":900,"height":900,"url":"https:\/\/www.transenne.net\/wp-content\/uploads\/2025\/10\/Senza-titolo-900-x-900-px.png","type":"image\/png"}],"twitter_card":"summary_large_image","schema":{"@context":"https:\/\/schema.org","@graph":[{"@type":"WebPage","@id":"https:\/\/www.transenne.net\/de\/ausverkauf\/gestell-fuer-bauzaeune\/","url":"https:\/\/www.transenne.net\/de\/ausverkauf\/gestell-fuer-bauzaeune\/","name":"Gestell f\u00fcr Bauz\u00e4une - Transenne.net","isPartOf":{"@id":"https:\/\/www.transenne.net\/de\/#website"},"primaryImageOfPage":{"@id":"https:\/\/www.transenne.net\/de\/ausverkauf\/gestell-fuer-bauzaeune\/#primaryimage"},"image":{"@id":"https:\/\/www.transenne.net\/de\/ausverkauf\/gestell-fuer-bauzaeune\/#primaryimage"},"thumbnailUrl":"https:\/\/www.transenne.net\/wp-content\/uploads\/2025\/10\/Senza-titolo-900-x-900-px.png","datePublished":"2025-10-02T09:38:15+00:00","breadcrumb":{"@id":"https:\/\/www.transenne.net\/de\/ausverkauf\/gestell-fuer-bauzaeune\/#breadcrumb"},"inLanguage":"de","potentialAction":[{"@type":"ReadAction","target":["https:\/\/www.transenne.net\/de\/ausverkauf\/gestell-fuer-bauzaeune\/"]}]},{"@type":"ImageObject","inLanguage":"de","@id":"https:\/\/www.transenne.net\/de\/ausverkauf\/gestell-fuer-bauzaeune\/#primaryimage","url":"https:\/\/www.transenne.net\/wp-content\/uploads\/2025\/10\/Senza-titolo-900-x-900-px.png","contentUrl":"https:\/\/www.transenne.net\/wp-content\/uploads\/2025\/10\/Senza-titolo-900-x-900-px.png","width":900,"height":900},{"@type":"BreadcrumbList","@id":"https:\/\/www.transenne.net\/de\/ausverkauf\/gestell-fuer-bauzaeune\/#breadcrumb","itemListElement":[{"@type":"ListItem","position":1,"name":"Home","item":"https:\/\/www.transenne.net\/de\/"},{"@type":"ListItem","position":2,"name":"Verkauf von Barrieren und Event-Produkte","item":"https:\/\/www.transenne.net\/it\/vendita\/"},{"@type":"ListItem","position":3,"name":"Gestell f\u00fcr Bauz\u00e4une"}]},{"@type":"WebSite","@id":"https:\/\/www.transenne.net\/de\/#website","url":"https:\/\/www.transenne.net\/de\/","name":"Transenne.net","description":"","publisher":{"@id":"https:\/\/www.transenne.net\/de\/#organization"},"potentialAction":[{"@type":"SearchAction","target":{"@type":"EntryPoint","urlTemplate":"https:\/\/www.transenne.net\/de\/?s={search_term_string}"},"query-input":{"@type":"PropertyValueSpecification","valueRequired":true,"valueName":"search_term_string"}}],"inLanguage":"de"},{"@type":"Organization","@id":"https:\/\/www.transenne.net\/de\/#organization","name":"Transenne.net","url":"https:\/\/www.transenne.net\/de\/","logo":{"@type":"ImageObject","inLanguage":"de","@id":"https:\/\/www.transenne.net\/de\/#\/schema\/logo\/image\/","url":"https:\/\/www.transenne.net\/wp-content\/uploads\/2022\/05\/logo_transenne-1.png","contentUrl":"https:\/\/www.transenne.net\/wp-content\/uploads\/2022\/05\/logo_transenne-1.png","width":1536,"height":186,"caption":"Transenne.net"},"image":{"@id":"https:\/\/www.transenne.net\/de\/#\/schema\/logo\/image\/"}}]}},"_links":{"self":[{"href":"https:\/\/www.transenne.net\/de\/wp-json\/wp\/v2\/product\/8773","targetHints":{"allow":["GET"]}}],"collection":[{"href":"https:\/\/www.transenne.net\/de\/wp-json\/wp\/v2\/product"}],"about":[{"href":"https:\/\/www.transenne.net\/de\/wp-json\/wp\/v2\/types\/product"}],"wp:featuredmedia":[{"embeddable":true,"href":"https:\/\/www.transenne.net\/de\/wp-json\/wp\/v2\/media\/8660"}],"wp:attachment":[{"href":"https:\/\/www.transenne.net\/de\/wp-json\/wp\/v2\/media?parent=8773"}],"wp:term":[{"taxonomy":"event-type","embeddable":true,"href":"https:\/\/www.transenne.net\/de\/wp-json\/wp\/v2\/event-type?post=8773"},{"taxonomy":"product_brand","embeddable":true,"href":"https:\/\/www.transenne.net\/de\/wp-json\/wp\/v2\/product_brand?post=8773"},{"taxonomy":"product_cat","embeddable":true,"href":"https:\/\/www.transenne.net\/de\/wp-json\/wp\/v2\/product_cat?post=8773"},{"taxonomy":"product_tag","embeddable":true,"href":"https:\/\/www.transenne.net\/de\/wp-json\/wp\/v2\/product_tag?post=8773"}],"curies":[{"name":"wp","href":"https:\/\/api.w.org\/{rel}","templated":true}]}}