{"id":8772,"date":"2025-10-02T11:21:35","date_gmt":"2025-10-02T09:21:35","guid":{"rendered":"https:\/\/www.transenne.net\/vendita\/scharnier-fuer-baustellentor\/"},"modified":"2025-10-02T11:21:35","modified_gmt":"2025-10-02T09:21:35","slug":"scharnier-fuer-baustellentor","status":"publish","type":"product","link":"https:\/\/www.transenne.net\/de\/ausverkauf\/scharnier-fuer-baustellentor\/","title":{"rendered":"Scharnier f\u00fcr Baustellentor"},"content":{"rendered":"","protected":false},"excerpt":{"rendered":"<p>Das Baustellentorscharnier ist entscheidend f\u00fcr die Zusammenstellung der Zug\u00e4nge im Baustellenzaun. Es wird verwendet, indem es in die vertikalen Rohre eingesetzt wird, um als Drehpunkt zu fungieren und das Tor drehen zu lassen. Dank dieses Zubeh\u00f6rs ist es daher m\u00f6glich, umkehrbare \u00d6ffnungen auf eingez\u00e4unten Baustellen zu schaffen.  <\/p>\n<p><strong>Wird in Kombination mit dem Tor f\u00fcr Baustellen verkauft.<\/strong><\/p>\n","protected":false},"featured_media":8656,"template":"","meta":{"_acf_changed":false,"content-type":"","inline_featured_image":false},"event-type":[],"product_brand":[],"product_cat":[450],"product_tag":[],"class_list":{"0":"post-8772","1":"product","2":"type-product","3":"status-publish","4":"has-post-thumbnail","6":"product_cat-zeug","8":"first","9":"instock","10":"taxable","11":"shipping-taxable","12":"purchasable","13":"product-type-simple"},"acf":[],"yoast_head":"<!-- This site is optimized with the Yoast SEO plugin v27.3 - https:\/\/yoast.com\/product\/yoast-seo-wordpress\/ -->\n<title>Scharnier f\u00fcr Baustellentor - Transenne.net<\/title>\n<meta name=\"robots\" content=\"index, follow, max-snippet:-1, max-image-preview:large, max-video-preview:-1\" \/>\n<link rel=\"canonical\" href=\"https:\/\/www.transenne.net\/de\/ausverkauf\/scharnier-fuer-baustellentor\/\" \/>\n<meta property=\"og:locale\" content=\"de_DE\" \/>\n<meta property=\"og:type\" content=\"article\" \/>\n<meta property=\"og:title\" content=\"Scharnier f\u00fcr Baustellentor - Transenne.net\" \/>\n<meta property=\"og:description\" content=\"Das Baustellentorscharnier ist entscheidend f\u00fcr die Zusammenstellung der Zug\u00e4nge im Baustellenzaun. Es wird verwendet, indem es in die vertikalen Rohre eingesetzt wird, um als Drehpunkt zu fungieren und das Tor drehen zu lassen. Dank dieses Zubeh\u00f6rs ist es daher m\u00f6glich, umkehrbare \u00d6ffnungen auf eingez\u00e4unten Baustellen zu schaffen.  Wird in Kombination mit dem Tor f\u00fcr Baustellen verkauft.\" \/>\n<meta property=\"og:url\" content=\"https:\/\/www.transenne.net\/de\/ausverkauf\/scharnier-fuer-baustellentor\/\" \/>\n<meta property=\"og:site_name\" content=\"Transenne.net\" \/>\n<meta property=\"og:image\" content=\"https:\/\/www.transenne.net\/wp-content\/uploads\/2025\/10\/500x500-rec-mobili-cerniera-pw.jpg\" \/>\n\t<meta property=\"og:image:width\" content=\"500\" \/>\n\t<meta property=\"og:image:height\" content=\"500\" \/>\n\t<meta property=\"og:image:type\" content=\"image\/jpeg\" \/>\n<meta name=\"twitter:card\" content=\"summary_large_image\" \/>\n<!-- \/ Yoast SEO plugin. -->","yoast_head_json":{"title":"Scharnier f\u00fcr Baustellentor - Transenne.net","robots":{"index":"index","follow":"follow","max-snippet":"max-snippet:-1","max-image-preview":"max-image-preview:large","max-video-preview":"max-video-preview:-1"},"canonical":"https:\/\/www.transenne.net\/de\/ausverkauf\/scharnier-fuer-baustellentor\/","og_locale":"de_DE","og_type":"article","og_title":"Scharnier f\u00fcr Baustellentor - Transenne.net","og_description":"Das Baustellentorscharnier ist entscheidend f\u00fcr die Zusammenstellung der Zug\u00e4nge im Baustellenzaun. Es wird verwendet, indem es in die vertikalen Rohre eingesetzt wird, um als Drehpunkt zu fungieren und das Tor drehen zu lassen. Dank dieses Zubeh\u00f6rs ist es daher m\u00f6glich, umkehrbare \u00d6ffnungen auf eingez\u00e4unten Baustellen zu schaffen.  Wird in Kombination mit dem Tor f\u00fcr Baustellen verkauft.","og_url":"https:\/\/www.transenne.net\/de\/ausverkauf\/scharnier-fuer-baustellentor\/","og_site_name":"Transenne.net","og_image":[{"width":500,"height":500,"url":"https:\/\/www.transenne.net\/wp-content\/uploads\/2025\/10\/500x500-rec-mobili-cerniera-pw.jpg","type":"image\/jpeg"}],"twitter_card":"summary_large_image","schema":{"@context":"https:\/\/schema.org","@graph":[{"@type":"WebPage","@id":"https:\/\/www.transenne.net\/de\/ausverkauf\/scharnier-fuer-baustellentor\/","url":"https:\/\/www.transenne.net\/de\/ausverkauf\/scharnier-fuer-baustellentor\/","name":"Scharnier f\u00fcr Baustellentor - Transenne.net","isPartOf":{"@id":"https:\/\/www.transenne.net\/de\/#website"},"primaryImageOfPage":{"@id":"https:\/\/www.transenne.net\/de\/ausverkauf\/scharnier-fuer-baustellentor\/#primaryimage"},"image":{"@id":"https:\/\/www.transenne.net\/de\/ausverkauf\/scharnier-fuer-baustellentor\/#primaryimage"},"thumbnailUrl":"https:\/\/www.transenne.net\/wp-content\/uploads\/2025\/10\/500x500-rec-mobili-cerniera-pw.jpg","datePublished":"2025-10-02T09:21:35+00:00","breadcrumb":{"@id":"https:\/\/www.transenne.net\/de\/ausverkauf\/scharnier-fuer-baustellentor\/#breadcrumb"},"inLanguage":"de","potentialAction":[{"@type":"ReadAction","target":["https:\/\/www.transenne.net\/de\/ausverkauf\/scharnier-fuer-baustellentor\/"]}]},{"@type":"ImageObject","inLanguage":"de","@id":"https:\/\/www.transenne.net\/de\/ausverkauf\/scharnier-fuer-baustellentor\/#primaryimage","url":"https:\/\/www.transenne.net\/wp-content\/uploads\/2025\/10\/500x500-rec-mobili-cerniera-pw.jpg","contentUrl":"https:\/\/www.transenne.net\/wp-content\/uploads\/2025\/10\/500x500-rec-mobili-cerniera-pw.jpg","width":500,"height":500},{"@type":"BreadcrumbList","@id":"https:\/\/www.transenne.net\/de\/ausverkauf\/scharnier-fuer-baustellentor\/#breadcrumb","itemListElement":[{"@type":"ListItem","position":1,"name":"Home","item":"https:\/\/www.transenne.net\/de\/"},{"@type":"ListItem","position":2,"name":"Verkauf von Barrieren und Event-Produkte","item":"https:\/\/www.transenne.net\/it\/vendita\/"},{"@type":"ListItem","position":3,"name":"Scharnier f\u00fcr Baustellentor"}]},{"@type":"WebSite","@id":"https:\/\/www.transenne.net\/de\/#website","url":"https:\/\/www.transenne.net\/de\/","name":"Transenne.net","description":"","publisher":{"@id":"https:\/\/www.transenne.net\/de\/#organization"},"potentialAction":[{"@type":"SearchAction","target":{"@type":"EntryPoint","urlTemplate":"https:\/\/www.transenne.net\/de\/?s={search_term_string}"},"query-input":{"@type":"PropertyValueSpecification","valueRequired":true,"valueName":"search_term_string"}}],"inLanguage":"de"},{"@type":"Organization","@id":"https:\/\/www.transenne.net\/de\/#organization","name":"Transenne.net","url":"https:\/\/www.transenne.net\/de\/","logo":{"@type":"ImageObject","inLanguage":"de","@id":"https:\/\/www.transenne.net\/de\/#\/schema\/logo\/image\/","url":"https:\/\/www.transenne.net\/wp-content\/uploads\/2022\/05\/logo_transenne-1.png","contentUrl":"https:\/\/www.transenne.net\/wp-content\/uploads\/2022\/05\/logo_transenne-1.png","width":1536,"height":186,"caption":"Transenne.net"},"image":{"@id":"https:\/\/www.transenne.net\/de\/#\/schema\/logo\/image\/"}}]}},"_links":{"self":[{"href":"https:\/\/www.transenne.net\/de\/wp-json\/wp\/v2\/product\/8772","targetHints":{"allow":["GET"]}}],"collection":[{"href":"https:\/\/www.transenne.net\/de\/wp-json\/wp\/v2\/product"}],"about":[{"href":"https:\/\/www.transenne.net\/de\/wp-json\/wp\/v2\/types\/product"}],"wp:featuredmedia":[{"embeddable":true,"href":"https:\/\/www.transenne.net\/de\/wp-json\/wp\/v2\/media\/8656"}],"wp:attachment":[{"href":"https:\/\/www.transenne.net\/de\/wp-json\/wp\/v2\/media?parent=8772"}],"wp:term":[{"taxonomy":"event-type","embeddable":true,"href":"https:\/\/www.transenne.net\/de\/wp-json\/wp\/v2\/event-type?post=8772"},{"taxonomy":"product_brand","embeddable":true,"href":"https:\/\/www.transenne.net\/de\/wp-json\/wp\/v2\/product_brand?post=8772"},{"taxonomy":"product_cat","embeddable":true,"href":"https:\/\/www.transenne.net\/de\/wp-json\/wp\/v2\/product_cat?post=8772"},{"taxonomy":"product_tag","embeddable":true,"href":"https:\/\/www.transenne.net\/de\/wp-json\/wp\/v2\/product_tag?post=8772"}],"curies":[{"name":"wp","href":"https:\/\/api.w.org\/{rel}","templated":true}]}}