{"id":8770,"date":"2025-10-02T11:05:37","date_gmt":"2025-10-02T09:05:37","guid":{"rendered":"https:\/\/www.transenne.net\/vendita\/halsband-sicherheitshaken-50-stueck\/"},"modified":"2025-10-02T11:05:37","modified_gmt":"2025-10-02T09:05:37","slug":"halsband-sicherheitshaken-50-stueck","status":"publish","type":"product","link":"https:\/\/www.transenne.net\/de\/ausverkauf\/halsband-sicherheitshaken-50-stueck\/","title":{"rendered":"Halsband &#8211; Sicherheitshaken (50 St\u00fcck)"},"content":{"rendered":"","protected":false},"excerpt":{"rendered":"<p>Der Sicherheitshaken f\u00fcr Bauz\u00e4une erm\u00f6glicht es Ihnen, die Paneele fest zu befestigen, um eine gr\u00f6\u00dfere Stabilit\u00e4t des Zauns zu gew\u00e4hrleisten. Durch die Verwendung dieser Manschetten erh\u00f6hen Sie die strukturelle Integrit\u00e4t des gesamten Zauns erheblich und stellen sicher, dass die Rohre sicher verbunden bleiben und der Zaun auch im Falle einer Besch\u00e4digung oder eines Diebstahls langlebig und sicher ist. <\/p>\n<p><strong>Funktionen<\/strong><\/p>\n<p>Unser aus feuerverzinktem Stahl gefertigter Kragen f\u00fcr mobile Bauz\u00e4une ist extrem widerstandsf\u00e4hig gegen Witterungseinfl\u00fcsse und UV-Strahlen, eine Eigenschaft, die ihm eine lange Lebensdauer auch unabh\u00e4ngig von den Umgebungsbedingungen garantiert.<\/p>\n<p>Er ist mit einem Bolzen- und Mutternsicherungssystem ausgestattet.<br \/>\n<strong>Packung mit 50 St\u00fcck.<\/strong><\/p>\n","protected":false},"featured_media":8652,"template":"","meta":{"_acf_changed":false,"content-type":"","inline_featured_image":false},"event-type":[],"product_brand":[],"product_cat":[450],"product_tag":[],"class_list":{"0":"post-8770","1":"product","2":"type-product","3":"status-publish","4":"has-post-thumbnail","6":"product_cat-zeug","8":"first","9":"instock","10":"sale","11":"taxable","12":"shipping-taxable","13":"purchasable","14":"product-type-simple"},"acf":[],"yoast_head":"<!-- This site is optimized with the Yoast SEO plugin v27.3 - https:\/\/yoast.com\/product\/yoast-seo-wordpress\/ -->\n<title>Halsband - Sicherheitshaken (50 St\u00fcck) - Transenne.net<\/title>\n<meta name=\"robots\" content=\"index, follow, max-snippet:-1, max-image-preview:large, max-video-preview:-1\" \/>\n<link rel=\"canonical\" href=\"https:\/\/www.transenne.net\/de\/ausverkauf\/halsband-sicherheitshaken-50-stueck\/\" \/>\n<meta property=\"og:locale\" content=\"de_DE\" \/>\n<meta property=\"og:type\" content=\"article\" \/>\n<meta property=\"og:title\" content=\"Halsband - Sicherheitshaken (50 St\u00fcck) - Transenne.net\" \/>\n<meta property=\"og:description\" content=\"Der Sicherheitshaken f\u00fcr Bauz\u00e4une erm\u00f6glicht es Ihnen, die Paneele fest zu befestigen, um eine gr\u00f6\u00dfere Stabilit\u00e4t des Zauns zu gew\u00e4hrleisten. Durch die Verwendung dieser Manschetten erh\u00f6hen Sie die strukturelle Integrit\u00e4t des gesamten Zauns erheblich und stellen sicher, dass die Rohre sicher verbunden bleiben und der Zaun auch im Falle einer Besch\u00e4digung oder eines Diebstahls langlebig und sicher ist.  Funktionen Unser aus feuerverzinktem Stahl gefertigter Kragen f\u00fcr mobile Bauz\u00e4une ist extrem widerstandsf\u00e4hig gegen Witterungseinfl\u00fcsse und UV-Strahlen, eine Eigenschaft, die ihm eine lange Lebensdauer auch unabh\u00e4ngig von den Umgebungsbedingungen garantiert. Er ist mit einem Bolzen- und Mutternsicherungssystem ausgestattet. Packung mit 50 St\u00fcck.\" \/>\n<meta property=\"og:url\" content=\"https:\/\/www.transenne.net\/de\/ausverkauf\/halsband-sicherheitshaken-50-stueck\/\" \/>\n<meta property=\"og:site_name\" content=\"Transenne.net\" \/>\n<meta property=\"og:image\" content=\"https:\/\/www.transenne.net\/wp-content\/uploads\/2025\/10\/500x500-rec-mobili-collare-sicurezza-pw.jpg\" \/>\n\t<meta property=\"og:image:width\" content=\"500\" \/>\n\t<meta property=\"og:image:height\" content=\"500\" \/>\n\t<meta property=\"og:image:type\" content=\"image\/jpeg\" \/>\n<meta name=\"twitter:card\" content=\"summary_large_image\" \/>\n<!-- \/ Yoast SEO plugin. -->","yoast_head_json":{"title":"Halsband - Sicherheitshaken (50 St\u00fcck) - Transenne.net","robots":{"index":"index","follow":"follow","max-snippet":"max-snippet:-1","max-image-preview":"max-image-preview:large","max-video-preview":"max-video-preview:-1"},"canonical":"https:\/\/www.transenne.net\/de\/ausverkauf\/halsband-sicherheitshaken-50-stueck\/","og_locale":"de_DE","og_type":"article","og_title":"Halsband - Sicherheitshaken (50 St\u00fcck) - Transenne.net","og_description":"Der Sicherheitshaken f\u00fcr Bauz\u00e4une erm\u00f6glicht es Ihnen, die Paneele fest zu befestigen, um eine gr\u00f6\u00dfere Stabilit\u00e4t des Zauns zu gew\u00e4hrleisten. Durch die Verwendung dieser Manschetten erh\u00f6hen Sie die strukturelle Integrit\u00e4t des gesamten Zauns erheblich und stellen sicher, dass die Rohre sicher verbunden bleiben und der Zaun auch im Falle einer Besch\u00e4digung oder eines Diebstahls langlebig und sicher ist.  Funktionen Unser aus feuerverzinktem Stahl gefertigter Kragen f\u00fcr mobile Bauz\u00e4une ist extrem widerstandsf\u00e4hig gegen Witterungseinfl\u00fcsse und UV-Strahlen, eine Eigenschaft, die ihm eine lange Lebensdauer auch unabh\u00e4ngig von den Umgebungsbedingungen garantiert. Er ist mit einem Bolzen- und Mutternsicherungssystem ausgestattet. Packung mit 50 St\u00fcck.","og_url":"https:\/\/www.transenne.net\/de\/ausverkauf\/halsband-sicherheitshaken-50-stueck\/","og_site_name":"Transenne.net","og_image":[{"width":500,"height":500,"url":"https:\/\/www.transenne.net\/wp-content\/uploads\/2025\/10\/500x500-rec-mobili-collare-sicurezza-pw.jpg","type":"image\/jpeg"}],"twitter_card":"summary_large_image","schema":{"@context":"https:\/\/schema.org","@graph":[{"@type":"WebPage","@id":"https:\/\/www.transenne.net\/de\/ausverkauf\/halsband-sicherheitshaken-50-stueck\/","url":"https:\/\/www.transenne.net\/de\/ausverkauf\/halsband-sicherheitshaken-50-stueck\/","name":"Halsband - Sicherheitshaken (50 St\u00fcck) - Transenne.net","isPartOf":{"@id":"https:\/\/www.transenne.net\/de\/#website"},"primaryImageOfPage":{"@id":"https:\/\/www.transenne.net\/de\/ausverkauf\/halsband-sicherheitshaken-50-stueck\/#primaryimage"},"image":{"@id":"https:\/\/www.transenne.net\/de\/ausverkauf\/halsband-sicherheitshaken-50-stueck\/#primaryimage"},"thumbnailUrl":"https:\/\/www.transenne.net\/wp-content\/uploads\/2025\/10\/500x500-rec-mobili-collare-sicurezza-pw.jpg","datePublished":"2025-10-02T09:05:37+00:00","breadcrumb":{"@id":"https:\/\/www.transenne.net\/de\/ausverkauf\/halsband-sicherheitshaken-50-stueck\/#breadcrumb"},"inLanguage":"de","potentialAction":[{"@type":"ReadAction","target":["https:\/\/www.transenne.net\/de\/ausverkauf\/halsband-sicherheitshaken-50-stueck\/"]}]},{"@type":"ImageObject","inLanguage":"de","@id":"https:\/\/www.transenne.net\/de\/ausverkauf\/halsband-sicherheitshaken-50-stueck\/#primaryimage","url":"https:\/\/www.transenne.net\/wp-content\/uploads\/2025\/10\/500x500-rec-mobili-collare-sicurezza-pw.jpg","contentUrl":"https:\/\/www.transenne.net\/wp-content\/uploads\/2025\/10\/500x500-rec-mobili-collare-sicurezza-pw.jpg","width":500,"height":500},{"@type":"BreadcrumbList","@id":"https:\/\/www.transenne.net\/de\/ausverkauf\/halsband-sicherheitshaken-50-stueck\/#breadcrumb","itemListElement":[{"@type":"ListItem","position":1,"name":"Home","item":"https:\/\/www.transenne.net\/de\/"},{"@type":"ListItem","position":2,"name":"Verkauf von Barrieren und Event-Produkte","item":"https:\/\/www.transenne.net\/it\/vendita\/"},{"@type":"ListItem","position":3,"name":"Halsband &#8211; Sicherheitshaken (50 St\u00fcck)"}]},{"@type":"WebSite","@id":"https:\/\/www.transenne.net\/de\/#website","url":"https:\/\/www.transenne.net\/de\/","name":"Transenne.net","description":"","publisher":{"@id":"https:\/\/www.transenne.net\/de\/#organization"},"potentialAction":[{"@type":"SearchAction","target":{"@type":"EntryPoint","urlTemplate":"https:\/\/www.transenne.net\/de\/?s={search_term_string}"},"query-input":{"@type":"PropertyValueSpecification","valueRequired":true,"valueName":"search_term_string"}}],"inLanguage":"de"},{"@type":"Organization","@id":"https:\/\/www.transenne.net\/de\/#organization","name":"Transenne.net","url":"https:\/\/www.transenne.net\/de\/","logo":{"@type":"ImageObject","inLanguage":"de","@id":"https:\/\/www.transenne.net\/de\/#\/schema\/logo\/image\/","url":"https:\/\/www.transenne.net\/wp-content\/uploads\/2022\/05\/logo_transenne-1.png","contentUrl":"https:\/\/www.transenne.net\/wp-content\/uploads\/2022\/05\/logo_transenne-1.png","width":1536,"height":186,"caption":"Transenne.net"},"image":{"@id":"https:\/\/www.transenne.net\/de\/#\/schema\/logo\/image\/"}}]}},"_links":{"self":[{"href":"https:\/\/www.transenne.net\/de\/wp-json\/wp\/v2\/product\/8770","targetHints":{"allow":["GET"]}}],"collection":[{"href":"https:\/\/www.transenne.net\/de\/wp-json\/wp\/v2\/product"}],"about":[{"href":"https:\/\/www.transenne.net\/de\/wp-json\/wp\/v2\/types\/product"}],"wp:featuredmedia":[{"embeddable":true,"href":"https:\/\/www.transenne.net\/de\/wp-json\/wp\/v2\/media\/8652"}],"wp:attachment":[{"href":"https:\/\/www.transenne.net\/de\/wp-json\/wp\/v2\/media?parent=8770"}],"wp:term":[{"taxonomy":"event-type","embeddable":true,"href":"https:\/\/www.transenne.net\/de\/wp-json\/wp\/v2\/event-type?post=8770"},{"taxonomy":"product_brand","embeddable":true,"href":"https:\/\/www.transenne.net\/de\/wp-json\/wp\/v2\/product_brand?post=8770"},{"taxonomy":"product_cat","embeddable":true,"href":"https:\/\/www.transenne.net\/de\/wp-json\/wp\/v2\/product_cat?post=8770"},{"taxonomy":"product_tag","embeddable":true,"href":"https:\/\/www.transenne.net\/de\/wp-json\/wp\/v2\/product_tag?post=8770"}],"curies":[{"name":"wp","href":"https:\/\/api.w.org\/{rel}","templated":true}]}}