{"id":8765,"date":"2025-10-03T12:26:54","date_gmt":"2025-10-03T10:26:54","guid":{"rendered":"https:\/\/www.transenne.net\/vendita\/orange-baustellennetz-in-rolle-h120-x-50-mtl\/"},"modified":"2025-10-03T12:26:54","modified_gmt":"2025-10-03T10:26:54","slug":"orange-baustellennetz-in-rolle-h120-x-50-mtl","status":"publish","type":"product","link":"https:\/\/www.transenne.net\/de\/ausverkauf\/orange-baustellennetz-in-rolle-h120-x-50-mtl\/","title":{"rendered":"Orange Baustellennetz in Rolle H120 x 50 mtl"},"content":{"rendered":"","protected":false},"excerpt":{"rendered":"<p class=\"whitespace-normal break-words\"><strong>Das Baustellennetz Modell H120 &#8211; Rolle 50 mtl<\/strong> erm\u00f6glicht es Ihnen, Baustellenbereiche und Arbeitsbereiche schnell abzugrenzen und bietet die M\u00f6glichkeit, <strong>leichte und schnelle tempor\u00e4re Z\u00e4une zu erstellen, die auf gro\u00dfen Fl\u00e4chen installiert werden k\u00f6nnen.<\/strong><\/p>\n<p class=\"whitespace-normal break-words\">Extrudiertes HDPE-Baustellennetz mit hoher Dichte und eif\u00f6rmigem Gewebe, ausgestattet mit verst\u00e4rkten Kanten und rei\u00dffestem Mittelband, um eine h\u00f6here Haltbarkeit und Widerstandsf\u00e4higkeit zu gew\u00e4hrleisten. Ideal zur Abgrenzung von Stra\u00dfenbaustellen, Arbeitsbereichen und No-Go-Areas. <\/p>\n<p class=\"whitespace-normal break-words\"><strong>Funktionen:<\/strong><\/p>\n<ul class=\"[&amp;:not(:last-child)_ul]:pb-1 [&amp;:not(:last-child)_ol]:pb-1 list-disc space-y-1.5 pl-7\">\n<li class=\"whitespace-normal break-words\">Farbechtheit gegen\u00fcber UV-Strahlen<\/li>\n<li class=\"whitespace-normal break-words\">Einged\u00e4mmter Segeleffekt<\/li>\n<li class=\"whitespace-normal break-words\">Rei\u00dffest<\/li>\n<li>Gewicht pro Rolle : 6,2 kg<\/li>\n<\/ul>\n<p class=\"whitespace-normal break-words\"><strong>Vorteile:<\/strong><\/p>\n<ul class=\"[&amp;:not(:last-child)_ul]:pb-1 [&amp;:not(:last-child)_ol]:pb-1 list-disc space-y-1.5 pl-7\">\n<li class=\"whitespace-normal break-words\">Leicht und schnell zu installieren<\/li>\n<li class=\"whitespace-normal break-words\">Einfacher Transport und Lagerung dank des Rollenformats<\/li>\n<\/ul>\n<p class=\"whitespace-normal break-words\">Abmessungen: H120 cm x 50 Laufmeter pro Rolle<br \/>\nMaterial: HDPE (Polyethylen hoher Dichte)<\/p>\n","protected":false},"featured_media":8683,"template":"","meta":{"_acf_changed":false,"content-type":"","inline_featured_image":false},"event-type":[],"product_brand":[],"product_cat":[450],"product_tag":[],"class_list":{"0":"post-8765","1":"product","2":"type-product","3":"status-publish","4":"has-post-thumbnail","6":"product_cat-zeug","8":"first","9":"instock","10":"sale","11":"taxable","12":"shipping-taxable","13":"purchasable","14":"product-type-simple"},"acf":[],"yoast_head":"<!-- This site is optimized with the Yoast SEO plugin v27.3 - https:\/\/yoast.com\/product\/yoast-seo-wordpress\/ -->\n<title>Orange Baustellennetz in Rolle H120 x 50 mtl - Transenne.net<\/title>\n<meta name=\"robots\" content=\"index, follow, max-snippet:-1, max-image-preview:large, max-video-preview:-1\" \/>\n<link rel=\"canonical\" href=\"https:\/\/www.transenne.net\/de\/ausverkauf\/orange-baustellennetz-in-rolle-h120-x-50-mtl\/\" \/>\n<meta property=\"og:locale\" content=\"de_DE\" \/>\n<meta property=\"og:type\" content=\"article\" \/>\n<meta property=\"og:title\" content=\"Orange Baustellennetz in Rolle H120 x 50 mtl - Transenne.net\" \/>\n<meta property=\"og:description\" content=\"Das Baustellennetz Modell H120 - Rolle 50 mtl erm\u00f6glicht es Ihnen, Baustellenbereiche und Arbeitsbereiche schnell abzugrenzen und bietet die M\u00f6glichkeit, leichte und schnelle tempor\u00e4re Z\u00e4une zu erstellen, die auf gro\u00dfen Fl\u00e4chen installiert werden k\u00f6nnen. Extrudiertes HDPE-Baustellennetz mit hoher Dichte und eif\u00f6rmigem Gewebe, ausgestattet mit verst\u00e4rkten Kanten und rei\u00dffestem Mittelband, um eine h\u00f6here Haltbarkeit und Widerstandsf\u00e4higkeit zu gew\u00e4hrleisten. Ideal zur Abgrenzung von Stra\u00dfenbaustellen, Arbeitsbereichen und No-Go-Areas. Funktionen:   Farbechtheit gegen\u00fcber UV-Strahlen  Einged\u00e4mmter Segeleffekt  Rei\u00dffest  Gewicht pro Rolle : 6,2 kg Vorteile:   Leicht und schnell zu installieren  Einfacher Transport und Lagerung dank des Rollenformats Abmessungen: H120 cm x 50 Laufmeter pro Rolle Material: HDPE (Polyethylen hoher Dichte)\" \/>\n<meta property=\"og:url\" content=\"https:\/\/www.transenne.net\/de\/ausverkauf\/orange-baustellennetz-in-rolle-h120-x-50-mtl\/\" \/>\n<meta property=\"og:site_name\" content=\"Transenne.net\" \/>\n<meta property=\"og:image\" content=\"https:\/\/www.transenne.net\/wp-content\/uploads\/2025\/10\/Rete-Arancio-Labor-H120-50mtl.jpg\" \/>\n\t<meta property=\"og:image:width\" content=\"800\" \/>\n\t<meta property=\"og:image:height\" content=\"800\" \/>\n\t<meta property=\"og:image:type\" content=\"image\/jpeg\" \/>\n<meta name=\"twitter:card\" content=\"summary_large_image\" \/>\n<!-- \/ Yoast SEO plugin. -->","yoast_head_json":{"title":"Orange Baustellennetz in Rolle H120 x 50 mtl - Transenne.net","robots":{"index":"index","follow":"follow","max-snippet":"max-snippet:-1","max-image-preview":"max-image-preview:large","max-video-preview":"max-video-preview:-1"},"canonical":"https:\/\/www.transenne.net\/de\/ausverkauf\/orange-baustellennetz-in-rolle-h120-x-50-mtl\/","og_locale":"de_DE","og_type":"article","og_title":"Orange Baustellennetz in Rolle H120 x 50 mtl - Transenne.net","og_description":"Das Baustellennetz Modell H120 - Rolle 50 mtl erm\u00f6glicht es Ihnen, Baustellenbereiche und Arbeitsbereiche schnell abzugrenzen und bietet die M\u00f6glichkeit, leichte und schnelle tempor\u00e4re Z\u00e4une zu erstellen, die auf gro\u00dfen Fl\u00e4chen installiert werden k\u00f6nnen. Extrudiertes HDPE-Baustellennetz mit hoher Dichte und eif\u00f6rmigem Gewebe, ausgestattet mit verst\u00e4rkten Kanten und rei\u00dffestem Mittelband, um eine h\u00f6here Haltbarkeit und Widerstandsf\u00e4higkeit zu gew\u00e4hrleisten. Ideal zur Abgrenzung von Stra\u00dfenbaustellen, Arbeitsbereichen und No-Go-Areas. Funktionen:   Farbechtheit gegen\u00fcber UV-Strahlen  Einged\u00e4mmter Segeleffekt  Rei\u00dffest  Gewicht pro Rolle : 6,2 kg Vorteile:   Leicht und schnell zu installieren  Einfacher Transport und Lagerung dank des Rollenformats Abmessungen: H120 cm x 50 Laufmeter pro Rolle Material: HDPE (Polyethylen hoher Dichte)","og_url":"https:\/\/www.transenne.net\/de\/ausverkauf\/orange-baustellennetz-in-rolle-h120-x-50-mtl\/","og_site_name":"Transenne.net","og_image":[{"width":800,"height":800,"url":"https:\/\/www.transenne.net\/wp-content\/uploads\/2025\/10\/Rete-Arancio-Labor-H120-50mtl.jpg","type":"image\/jpeg"}],"twitter_card":"summary_large_image","schema":{"@context":"https:\/\/schema.org","@graph":[{"@type":"WebPage","@id":"https:\/\/www.transenne.net\/de\/ausverkauf\/orange-baustellennetz-in-rolle-h120-x-50-mtl\/","url":"https:\/\/www.transenne.net\/de\/ausverkauf\/orange-baustellennetz-in-rolle-h120-x-50-mtl\/","name":"Orange Baustellennetz in Rolle H120 x 50 mtl - Transenne.net","isPartOf":{"@id":"https:\/\/www.transenne.net\/de\/#website"},"primaryImageOfPage":{"@id":"https:\/\/www.transenne.net\/de\/ausverkauf\/orange-baustellennetz-in-rolle-h120-x-50-mtl\/#primaryimage"},"image":{"@id":"https:\/\/www.transenne.net\/de\/ausverkauf\/orange-baustellennetz-in-rolle-h120-x-50-mtl\/#primaryimage"},"thumbnailUrl":"https:\/\/www.transenne.net\/wp-content\/uploads\/2025\/10\/Rete-Arancio-Labor-H120-50mtl.jpg","datePublished":"2025-10-03T10:26:54+00:00","breadcrumb":{"@id":"https:\/\/www.transenne.net\/de\/ausverkauf\/orange-baustellennetz-in-rolle-h120-x-50-mtl\/#breadcrumb"},"inLanguage":"de","potentialAction":[{"@type":"ReadAction","target":["https:\/\/www.transenne.net\/de\/ausverkauf\/orange-baustellennetz-in-rolle-h120-x-50-mtl\/"]}]},{"@type":"ImageObject","inLanguage":"de","@id":"https:\/\/www.transenne.net\/de\/ausverkauf\/orange-baustellennetz-in-rolle-h120-x-50-mtl\/#primaryimage","url":"https:\/\/www.transenne.net\/wp-content\/uploads\/2025\/10\/Rete-Arancio-Labor-H120-50mtl.jpg","contentUrl":"https:\/\/www.transenne.net\/wp-content\/uploads\/2025\/10\/Rete-Arancio-Labor-H120-50mtl.jpg","width":800,"height":800},{"@type":"BreadcrumbList","@id":"https:\/\/www.transenne.net\/de\/ausverkauf\/orange-baustellennetz-in-rolle-h120-x-50-mtl\/#breadcrumb","itemListElement":[{"@type":"ListItem","position":1,"name":"Home","item":"https:\/\/www.transenne.net\/de\/"},{"@type":"ListItem","position":2,"name":"Verkauf von Barrieren und Event-Produkte","item":"https:\/\/www.transenne.net\/it\/vendita\/"},{"@type":"ListItem","position":3,"name":"Orange Baustellennetz in Rolle H120 x 50 mtl"}]},{"@type":"WebSite","@id":"https:\/\/www.transenne.net\/de\/#website","url":"https:\/\/www.transenne.net\/de\/","name":"Transenne.net","description":"","publisher":{"@id":"https:\/\/www.transenne.net\/de\/#organization"},"potentialAction":[{"@type":"SearchAction","target":{"@type":"EntryPoint","urlTemplate":"https:\/\/www.transenne.net\/de\/?s={search_term_string}"},"query-input":{"@type":"PropertyValueSpecification","valueRequired":true,"valueName":"search_term_string"}}],"inLanguage":"de"},{"@type":"Organization","@id":"https:\/\/www.transenne.net\/de\/#organization","name":"Transenne.net","url":"https:\/\/www.transenne.net\/de\/","logo":{"@type":"ImageObject","inLanguage":"de","@id":"https:\/\/www.transenne.net\/de\/#\/schema\/logo\/image\/","url":"https:\/\/www.transenne.net\/wp-content\/uploads\/2022\/05\/logo_transenne-1.png","contentUrl":"https:\/\/www.transenne.net\/wp-content\/uploads\/2022\/05\/logo_transenne-1.png","width":1536,"height":186,"caption":"Transenne.net"},"image":{"@id":"https:\/\/www.transenne.net\/de\/#\/schema\/logo\/image\/"}}]}},"_links":{"self":[{"href":"https:\/\/www.transenne.net\/de\/wp-json\/wp\/v2\/product\/8765","targetHints":{"allow":["GET"]}}],"collection":[{"href":"https:\/\/www.transenne.net\/de\/wp-json\/wp\/v2\/product"}],"about":[{"href":"https:\/\/www.transenne.net\/de\/wp-json\/wp\/v2\/types\/product"}],"wp:featuredmedia":[{"embeddable":true,"href":"https:\/\/www.transenne.net\/de\/wp-json\/wp\/v2\/media\/8683"}],"wp:attachment":[{"href":"https:\/\/www.transenne.net\/de\/wp-json\/wp\/v2\/media?parent=8765"}],"wp:term":[{"taxonomy":"event-type","embeddable":true,"href":"https:\/\/www.transenne.net\/de\/wp-json\/wp\/v2\/event-type?post=8765"},{"taxonomy":"product_brand","embeddable":true,"href":"https:\/\/www.transenne.net\/de\/wp-json\/wp\/v2\/product_brand?post=8765"},{"taxonomy":"product_cat","embeddable":true,"href":"https:\/\/www.transenne.net\/de\/wp-json\/wp\/v2\/product_cat?post=8765"},{"taxonomy":"product_tag","embeddable":true,"href":"https:\/\/www.transenne.net\/de\/wp-json\/wp\/v2\/product_tag?post=8765"}],"curies":[{"name":"wp","href":"https:\/\/api.w.org\/{rel}","templated":true}]}}