{"id":8762,"date":"2025-10-02T15:01:48","date_gmt":"2025-10-02T13:01:48","guid":{"rendered":"https:\/\/www.transenne.net\/vendita\/baustelle-tor-rad\/"},"modified":"2025-10-02T15:01:48","modified_gmt":"2025-10-02T13:01:48","slug":"baustelle-tor-rad","status":"publish","type":"product","link":"https:\/\/www.transenne.net\/de\/ausverkauf\/baustelle-tor-rad\/","title":{"rendered":"Baustelle Tor Rad"},"content":{"rendered":"","protected":false},"excerpt":{"rendered":"<p class=\"whitespace-normal break-words\"><strong>Mit dem Baustellentorrad \u00d8 200<\/strong> k\u00f6nnen Sie Bauzaunplatten in ein praktisches Schiebetor verwandeln und bieten die M\u00f6glichkeit, <strong>eine \u00d6ffnung von ca. 3,35 Metern f\u00fcr den Fahrzeugzugang zu schaffen.<\/strong><\/p>\n<p class=\"whitespace-normal break-words\">Durch das Anbringen eines Rades an der Zaunplatte (kompatibel mit hohen und niedrigen Paneelen) wird ein funktionales und vielseitiges \u00d6ffnungssystem erhalten, das ideal ist, um den Durchgang von Fahrzeugen und Fahrzeugen auf der Baustelle zu erm\u00f6glichen, ohne den gesamten Zaun demontieren zu m\u00fcssen.<\/p>\n<p class=\"whitespace-normal break-words\"><strong>Durchmesser: \u00d8 200 mm<\/strong><\/p>\n<p><strong>Menge: 1 St\u00fcck<\/strong><\/p>\n","protected":false},"featured_media":8666,"template":"","meta":{"_acf_changed":false,"content-type":"","inline_featured_image":false},"event-type":[],"product_brand":[],"product_cat":[450],"product_tag":[],"class_list":{"0":"post-8762","1":"product","2":"type-product","3":"status-publish","4":"has-post-thumbnail","6":"product_cat-zeug","8":"first","9":"instock","10":"sale","11":"taxable","12":"shipping-taxable","13":"purchasable","14":"product-type-simple"},"acf":[],"yoast_head":"<!-- This site is optimized with the Yoast SEO plugin v27.3 - https:\/\/yoast.com\/product\/yoast-seo-wordpress\/ -->\n<title>Baustelle Tor Rad - Transenne.net<\/title>\n<meta name=\"robots\" content=\"index, follow, max-snippet:-1, max-image-preview:large, max-video-preview:-1\" \/>\n<link rel=\"canonical\" href=\"https:\/\/www.transenne.net\/de\/ausverkauf\/baustelle-tor-rad\/\" \/>\n<meta property=\"og:locale\" content=\"de_DE\" \/>\n<meta property=\"og:type\" content=\"article\" \/>\n<meta property=\"og:title\" content=\"Baustelle Tor Rad - Transenne.net\" \/>\n<meta property=\"og:description\" content=\"Mit dem Baustellentorrad \u00d8 200 k\u00f6nnen Sie Bauzaunplatten in ein praktisches Schiebetor verwandeln und bieten die M\u00f6glichkeit, eine \u00d6ffnung von ca. 3,35 Metern f\u00fcr den Fahrzeugzugang zu schaffen. Durch das Anbringen eines Rades an der Zaunplatte (kompatibel mit hohen und niedrigen Paneelen) wird ein funktionales und vielseitiges \u00d6ffnungssystem erhalten, das ideal ist, um den Durchgang von Fahrzeugen und Fahrzeugen auf der Baustelle zu erm\u00f6glichen, ohne den gesamten Zaun demontieren zu m\u00fcssen. Durchmesser: \u00d8 200 mm Menge: 1 St\u00fcck\" \/>\n<meta property=\"og:url\" content=\"https:\/\/www.transenne.net\/de\/ausverkauf\/baustelle-tor-rad\/\" \/>\n<meta property=\"og:site_name\" content=\"Transenne.net\" \/>\n<meta property=\"og:image\" content=\"https:\/\/www.transenne.net\/wp-content\/uploads\/2025\/10\/Senza-titolo-900-x-900-px-1.png\" \/>\n\t<meta property=\"og:image:width\" content=\"900\" \/>\n\t<meta property=\"og:image:height\" content=\"900\" \/>\n\t<meta property=\"og:image:type\" content=\"image\/png\" \/>\n<meta name=\"twitter:card\" content=\"summary_large_image\" \/>\n<!-- \/ Yoast SEO plugin. -->","yoast_head_json":{"title":"Baustelle Tor Rad - Transenne.net","robots":{"index":"index","follow":"follow","max-snippet":"max-snippet:-1","max-image-preview":"max-image-preview:large","max-video-preview":"max-video-preview:-1"},"canonical":"https:\/\/www.transenne.net\/de\/ausverkauf\/baustelle-tor-rad\/","og_locale":"de_DE","og_type":"article","og_title":"Baustelle Tor Rad - Transenne.net","og_description":"Mit dem Baustellentorrad \u00d8 200 k\u00f6nnen Sie Bauzaunplatten in ein praktisches Schiebetor verwandeln und bieten die M\u00f6glichkeit, eine \u00d6ffnung von ca. 3,35 Metern f\u00fcr den Fahrzeugzugang zu schaffen. Durch das Anbringen eines Rades an der Zaunplatte (kompatibel mit hohen und niedrigen Paneelen) wird ein funktionales und vielseitiges \u00d6ffnungssystem erhalten, das ideal ist, um den Durchgang von Fahrzeugen und Fahrzeugen auf der Baustelle zu erm\u00f6glichen, ohne den gesamten Zaun demontieren zu m\u00fcssen. Durchmesser: \u00d8 200 mm Menge: 1 St\u00fcck","og_url":"https:\/\/www.transenne.net\/de\/ausverkauf\/baustelle-tor-rad\/","og_site_name":"Transenne.net","og_image":[{"width":900,"height":900,"url":"https:\/\/www.transenne.net\/wp-content\/uploads\/2025\/10\/Senza-titolo-900-x-900-px-1.png","type":"image\/png"}],"twitter_card":"summary_large_image","schema":{"@context":"https:\/\/schema.org","@graph":[{"@type":"WebPage","@id":"https:\/\/www.transenne.net\/de\/ausverkauf\/baustelle-tor-rad\/","url":"https:\/\/www.transenne.net\/de\/ausverkauf\/baustelle-tor-rad\/","name":"Baustelle Tor Rad - Transenne.net","isPartOf":{"@id":"https:\/\/www.transenne.net\/de\/#website"},"primaryImageOfPage":{"@id":"https:\/\/www.transenne.net\/de\/ausverkauf\/baustelle-tor-rad\/#primaryimage"},"image":{"@id":"https:\/\/www.transenne.net\/de\/ausverkauf\/baustelle-tor-rad\/#primaryimage"},"thumbnailUrl":"https:\/\/www.transenne.net\/wp-content\/uploads\/2025\/10\/Senza-titolo-900-x-900-px-1.png","datePublished":"2025-10-02T13:01:48+00:00","breadcrumb":{"@id":"https:\/\/www.transenne.net\/de\/ausverkauf\/baustelle-tor-rad\/#breadcrumb"},"inLanguage":"de","potentialAction":[{"@type":"ReadAction","target":["https:\/\/www.transenne.net\/de\/ausverkauf\/baustelle-tor-rad\/"]}]},{"@type":"ImageObject","inLanguage":"de","@id":"https:\/\/www.transenne.net\/de\/ausverkauf\/baustelle-tor-rad\/#primaryimage","url":"https:\/\/www.transenne.net\/wp-content\/uploads\/2025\/10\/Senza-titolo-900-x-900-px-1.png","contentUrl":"https:\/\/www.transenne.net\/wp-content\/uploads\/2025\/10\/Senza-titolo-900-x-900-px-1.png","width":900,"height":900},{"@type":"BreadcrumbList","@id":"https:\/\/www.transenne.net\/de\/ausverkauf\/baustelle-tor-rad\/#breadcrumb","itemListElement":[{"@type":"ListItem","position":1,"name":"Home","item":"https:\/\/www.transenne.net\/de\/"},{"@type":"ListItem","position":2,"name":"Verkauf von Barrieren und Event-Produkte","item":"https:\/\/www.transenne.net\/it\/vendita\/"},{"@type":"ListItem","position":3,"name":"Baustelle Tor Rad"}]},{"@type":"WebSite","@id":"https:\/\/www.transenne.net\/de\/#website","url":"https:\/\/www.transenne.net\/de\/","name":"Transenne.net","description":"","publisher":{"@id":"https:\/\/www.transenne.net\/de\/#organization"},"potentialAction":[{"@type":"SearchAction","target":{"@type":"EntryPoint","urlTemplate":"https:\/\/www.transenne.net\/de\/?s={search_term_string}"},"query-input":{"@type":"PropertyValueSpecification","valueRequired":true,"valueName":"search_term_string"}}],"inLanguage":"de"},{"@type":"Organization","@id":"https:\/\/www.transenne.net\/de\/#organization","name":"Transenne.net","url":"https:\/\/www.transenne.net\/de\/","logo":{"@type":"ImageObject","inLanguage":"de","@id":"https:\/\/www.transenne.net\/de\/#\/schema\/logo\/image\/","url":"https:\/\/www.transenne.net\/wp-content\/uploads\/2022\/05\/logo_transenne-1.png","contentUrl":"https:\/\/www.transenne.net\/wp-content\/uploads\/2022\/05\/logo_transenne-1.png","width":1536,"height":186,"caption":"Transenne.net"},"image":{"@id":"https:\/\/www.transenne.net\/de\/#\/schema\/logo\/image\/"}}]}},"_links":{"self":[{"href":"https:\/\/www.transenne.net\/de\/wp-json\/wp\/v2\/product\/8762","targetHints":{"allow":["GET"]}}],"collection":[{"href":"https:\/\/www.transenne.net\/de\/wp-json\/wp\/v2\/product"}],"about":[{"href":"https:\/\/www.transenne.net\/de\/wp-json\/wp\/v2\/types\/product"}],"wp:featuredmedia":[{"embeddable":true,"href":"https:\/\/www.transenne.net\/de\/wp-json\/wp\/v2\/media\/8666"}],"wp:attachment":[{"href":"https:\/\/www.transenne.net\/de\/wp-json\/wp\/v2\/media?parent=8762"}],"wp:term":[{"taxonomy":"event-type","embeddable":true,"href":"https:\/\/www.transenne.net\/de\/wp-json\/wp\/v2\/event-type?post=8762"},{"taxonomy":"product_brand","embeddable":true,"href":"https:\/\/www.transenne.net\/de\/wp-json\/wp\/v2\/product_brand?post=8762"},{"taxonomy":"product_cat","embeddable":true,"href":"https:\/\/www.transenne.net\/de\/wp-json\/wp\/v2\/product_cat?post=8762"},{"taxonomy":"product_tag","embeddable":true,"href":"https:\/\/www.transenne.net\/de\/wp-json\/wp\/v2\/product_tag?post=8762"}],"curies":[{"name":"wp","href":"https:\/\/api.w.org\/{rel}","templated":true}]}}