{"id":7721,"date":"2024-11-06T14:35:35","date_gmt":"2024-11-06T13:35:35","guid":{"rendered":"https:\/\/www.transenne.net\/?post_type=product&#038;p=7721"},"modified":"2025-10-08T14:59:01","modified_gmt":"2025-10-08T12:59:01","slug":"orsogrill-alte-bauzaun-copia","status":"publish","type":"product","link":"https:\/\/www.transenne.net\/de\/ausverkauf\/orsogrill-alte-bauzaun-copia\/","title":{"rendered":"niedrige Bauz\u00e4une (Typ Orsogrill)"},"content":{"rendered":"","protected":false},"excerpt":{"rendered":"<ul>\n<li>Niedriger Bauzaun bestehend aus zwei seitlichen Tragstangen \u00f840<\/li>\n<li>Dicke 0,95\u00b10,05 mm an zwei horizontale Rohre \u00f830 geschwei\u00dft, Dicke 0,95\u00b10,05 mm.<\/li>\n<li>F\u00fcllung mit elektrogeschwei\u00dftem Maschendraht 100x300h mm Draht \u00f8 3,00\u00b10,05 mm.<\/li>\n<li>Geschwei\u00dfter zylindrischer U-Bolzen \u00f85 mm.<\/li>\n<li>Es werden Stahlbetonsockel oder orangefarbene PVC-Verkleidungen geliefert.<\/li>\n<li>Sendzimir-Feuerverzinkung (200 \u00f7 275 gr\/m\u00b2) gem\u00e4\u00df UNI EN 10147.<\/li>\n<\/ul>\n","protected":false},"featured_media":7731,"template":"","meta":{"_acf_changed":false,"content-type":"","inline_featured_image":false},"event-type":[475],"product_brand":[],"product_cat":[104],"product_tag":[],"class_list":{"0":"post-7721","1":"product","2":"type-product","3":"status-publish","4":"has-post-thumbnail","6":"event-type-edilizia-e-sicurezza-aziendale","7":"product_cat-hurde","8":"product_shipping_class-wellpappe-orsogril-kippschutz","10":"first","11":"instock","12":"sale","13":"taxable","14":"shipping-taxable","15":"purchasable","16":"product-type-variable","17":"has-default-attributes"},"acf":[],"yoast_head":"<!-- This site is optimized with the Yoast SEO plugin v27.3 - https:\/\/yoast.com\/product\/yoast-seo-wordpress\/ -->\n<title>Verkauf von Orsogrill niedrigen Bauz\u00e4unen | Transenne.net<\/title>\n<meta name=\"description\" content=\"Niedrige Bauz\u00e4une von Transenne.net sind ideale L\u00f6sungen f\u00fcr die Abgrenzung bei Veranstaltungen oder auf dem Bau. Entdecken Sie sie online!\" \/>\n<meta name=\"robots\" content=\"index, follow, max-snippet:-1, max-image-preview:large, max-video-preview:-1\" \/>\n<link rel=\"canonical\" href=\"https:\/\/www.transenne.net\/de\/ausverkauf\/orsogrill-alte-bauzaun-copia\/\" \/>\n<meta property=\"og:locale\" content=\"de_DE\" \/>\n<meta property=\"og:type\" content=\"article\" \/>\n<meta property=\"og:title\" content=\"Verkauf von Orsogrill niedrigen Bauz\u00e4unen | Transenne.net\" \/>\n<meta property=\"og:description\" content=\"Niedrige Bauz\u00e4une von Transenne.net sind ideale L\u00f6sungen f\u00fcr die Abgrenzung bei Veranstaltungen oder auf dem Bau. Entdecken Sie sie online!\" \/>\n<meta property=\"og:url\" content=\"https:\/\/www.transenne.net\/de\/ausverkauf\/orsogrill-alte-bauzaun-copia\/\" \/>\n<meta property=\"og:site_name\" content=\"Transenne.net\" \/>\n<meta property=\"article:modified_time\" content=\"2025-10-08T12:59:01+00:00\" \/>\n<meta property=\"og:image\" content=\"https:\/\/www.transenne.net\/wp-content\/uploads\/2024\/11\/Recinzione-BASSA-da-cantiere.jpg\" \/>\n\t<meta property=\"og:image:width\" content=\"1181\" \/>\n\t<meta property=\"og:image:height\" content=\"566\" \/>\n\t<meta property=\"og:image:type\" content=\"image\/jpeg\" \/>\n<meta name=\"twitter:card\" content=\"summary_large_image\" \/>\n<meta name=\"twitter:label1\" content=\"Gesch\u00e4tzte Lesezeit\" \/>\n\t<meta name=\"twitter:data1\" content=\"1\u00a0Minute\" \/>\n<!-- \/ Yoast SEO plugin. -->","yoast_head_json":{"title":"Verkauf von Orsogrill niedrigen Bauz\u00e4unen | Transenne.net","description":"Niedrige Bauz\u00e4une von Transenne.net sind ideale L\u00f6sungen f\u00fcr die Abgrenzung bei Veranstaltungen oder auf dem Bau. Entdecken Sie sie online!","robots":{"index":"index","follow":"follow","max-snippet":"max-snippet:-1","max-image-preview":"max-image-preview:large","max-video-preview":"max-video-preview:-1"},"canonical":"https:\/\/www.transenne.net\/de\/ausverkauf\/orsogrill-alte-bauzaun-copia\/","og_locale":"de_DE","og_type":"article","og_title":"Verkauf von Orsogrill niedrigen Bauz\u00e4unen | Transenne.net","og_description":"Niedrige Bauz\u00e4une von Transenne.net sind ideale L\u00f6sungen f\u00fcr die Abgrenzung bei Veranstaltungen oder auf dem Bau. Entdecken Sie sie online!","og_url":"https:\/\/www.transenne.net\/de\/ausverkauf\/orsogrill-alte-bauzaun-copia\/","og_site_name":"Transenne.net","article_modified_time":"2025-10-08T12:59:01+00:00","og_image":[{"width":1181,"height":566,"url":"https:\/\/www.transenne.net\/wp-content\/uploads\/2024\/11\/Recinzione-BASSA-da-cantiere.jpg","type":"image\/jpeg"}],"twitter_card":"summary_large_image","twitter_misc":{"Gesch\u00e4tzte Lesezeit":"1\u00a0Minute"},"schema":{"@context":"https:\/\/schema.org","@graph":[{"@type":"WebPage","@id":"https:\/\/www.transenne.net\/de\/ausverkauf\/orsogrill-alte-bauzaun-copia\/","url":"https:\/\/www.transenne.net\/de\/ausverkauf\/orsogrill-alte-bauzaun-copia\/","name":"Verkauf von Orsogrill niedrigen Bauz\u00e4unen | Transenne.net","isPartOf":{"@id":"https:\/\/www.transenne.net\/de\/#website"},"primaryImageOfPage":{"@id":"https:\/\/www.transenne.net\/de\/ausverkauf\/orsogrill-alte-bauzaun-copia\/#primaryimage"},"image":{"@id":"https:\/\/www.transenne.net\/de\/ausverkauf\/orsogrill-alte-bauzaun-copia\/#primaryimage"},"thumbnailUrl":"https:\/\/www.transenne.net\/wp-content\/uploads\/2024\/11\/Recinzione-BASSA-da-cantiere.jpg","datePublished":"2024-11-06T13:35:35+00:00","dateModified":"2025-10-08T12:59:01+00:00","description":"Niedrige Bauz\u00e4une von Transenne.net sind ideale L\u00f6sungen f\u00fcr die Abgrenzung bei Veranstaltungen oder auf dem Bau. Entdecken Sie sie online!","breadcrumb":{"@id":"https:\/\/www.transenne.net\/de\/ausverkauf\/orsogrill-alte-bauzaun-copia\/#breadcrumb"},"inLanguage":"de","potentialAction":[{"@type":"ReadAction","target":["https:\/\/www.transenne.net\/de\/ausverkauf\/orsogrill-alte-bauzaun-copia\/"]}]},{"@type":"ImageObject","inLanguage":"de","@id":"https:\/\/www.transenne.net\/de\/ausverkauf\/orsogrill-alte-bauzaun-copia\/#primaryimage","url":"https:\/\/www.transenne.net\/wp-content\/uploads\/2024\/11\/Recinzione-BASSA-da-cantiere.jpg","contentUrl":"https:\/\/www.transenne.net\/wp-content\/uploads\/2024\/11\/Recinzione-BASSA-da-cantiere.jpg","width":1181,"height":566},{"@type":"BreadcrumbList","@id":"https:\/\/www.transenne.net\/de\/ausverkauf\/orsogrill-alte-bauzaun-copia\/#breadcrumb","itemListElement":[{"@type":"ListItem","position":1,"name":"Home","item":"https:\/\/www.transenne.net\/de\/"},{"@type":"ListItem","position":2,"name":"Verkauf von Barrieren und Event-Produkte","item":"https:\/\/www.transenne.net\/it\/vendita\/"},{"@type":"ListItem","position":3,"name":"niedrige Bauz\u00e4une (Typ Orsogrill)"}]},{"@type":"WebSite","@id":"https:\/\/www.transenne.net\/de\/#website","url":"https:\/\/www.transenne.net\/de\/","name":"Transenne.net","description":"","publisher":{"@id":"https:\/\/www.transenne.net\/de\/#organization"},"potentialAction":[{"@type":"SearchAction","target":{"@type":"EntryPoint","urlTemplate":"https:\/\/www.transenne.net\/de\/?s={search_term_string}"},"query-input":{"@type":"PropertyValueSpecification","valueRequired":true,"valueName":"search_term_string"}}],"inLanguage":"de"},{"@type":"Organization","@id":"https:\/\/www.transenne.net\/de\/#organization","name":"Transenne.net","url":"https:\/\/www.transenne.net\/de\/","logo":{"@type":"ImageObject","inLanguage":"de","@id":"https:\/\/www.transenne.net\/de\/#\/schema\/logo\/image\/","url":"https:\/\/www.transenne.net\/wp-content\/uploads\/2022\/05\/logo_transenne-1.png","contentUrl":"https:\/\/www.transenne.net\/wp-content\/uploads\/2022\/05\/logo_transenne-1.png","width":1536,"height":186,"caption":"Transenne.net"},"image":{"@id":"https:\/\/www.transenne.net\/de\/#\/schema\/logo\/image\/"}}]}},"_links":{"self":[{"href":"https:\/\/www.transenne.net\/de\/wp-json\/wp\/v2\/product\/7721","targetHints":{"allow":["GET"]}}],"collection":[{"href":"https:\/\/www.transenne.net\/de\/wp-json\/wp\/v2\/product"}],"about":[{"href":"https:\/\/www.transenne.net\/de\/wp-json\/wp\/v2\/types\/product"}],"wp:featuredmedia":[{"embeddable":true,"href":"https:\/\/www.transenne.net\/de\/wp-json\/wp\/v2\/media\/7731"}],"wp:attachment":[{"href":"https:\/\/www.transenne.net\/de\/wp-json\/wp\/v2\/media?parent=7721"}],"wp:term":[{"taxonomy":"event-type","embeddable":true,"href":"https:\/\/www.transenne.net\/de\/wp-json\/wp\/v2\/event-type?post=7721"},{"taxonomy":"product_brand","embeddable":true,"href":"https:\/\/www.transenne.net\/de\/wp-json\/wp\/v2\/product_brand?post=7721"},{"taxonomy":"product_cat","embeddable":true,"href":"https:\/\/www.transenne.net\/de\/wp-json\/wp\/v2\/product_cat?post=7721"},{"taxonomy":"product_tag","embeddable":true,"href":"https:\/\/www.transenne.net\/de\/wp-json\/wp\/v2\/product_tag?post=7721"}],"curies":[{"name":"wp","href":"https:\/\/api.w.org\/{rel}","templated":true}]}}