{"id":7641,"date":"2023-02-22T10:44:14","date_gmt":"2023-02-22T09:44:14","guid":{"rendered":"https:\/\/www.transenne.net\/vendita\/orsogrill-alte-bauzaun\/"},"modified":"2025-10-08T16:24:13","modified_gmt":"2025-10-08T14:24:13","slug":"zaun-barengrill-hochhof","status":"publish","type":"product","link":"https:\/\/www.transenne.net\/de\/ausverkauf\/zaun-barengrill-hochhof\/","title":{"rendered":"Hohe Bauz\u00e4une (Typ Orsogrill)"},"content":{"rendered":"","protected":false},"excerpt":{"rendered":"<p><strong>Mobiler Baustellenzaun<\/strong><\/p>\n<ul>\n<li>Plattengr\u00f6\u00dfe 3350 \u00d7 2000 mm<\/li>\n<li>Drahtdurchmesser 3,00 mm horizontal \u2013 2,80 mm vertikal<\/li>\n<li>Maschenweite 100 \u00d7 300 mm Draht<\/li>\n<li>Rohrdurchmesser 40 mm vertikal \u2013 30 mm horizontal<\/li>\n<li>Veredelung: feuerverzinkte Rohr- und Drahtwerkstoffe<\/li>\n<li>Gewicht ~13.00 kg<\/li>\n<li>Anzahl der Paneele pro Packung: 35 St\u00fcck<\/li>\n<\/ul>\n","protected":false},"featured_media":7916,"template":"","meta":{"_acf_changed":false,"content-type":"","inline_featured_image":false},"event-type":[475],"product_brand":[],"product_cat":[104],"product_tag":[],"class_list":{"0":"post-7641","1":"product","2":"type-product","3":"status-publish","4":"has-post-thumbnail","6":"event-type-edilizia-e-sicurezza-aziendale","7":"product_cat-hurde","8":"product_shipping_class-wellpappe-orsogril-kippschutz","10":"first","11":"instock","12":"sale","13":"taxable","14":"shipping-taxable","15":"purchasable","16":"product-type-variable","17":"has-default-attributes"},"acf":[],"yoast_head":"<!-- This site is optimized with the Yoast SEO plugin v27.3 - https:\/\/yoast.com\/product\/yoast-seo-wordpress\/ -->\n<title>Verkauf von Orsogrill Hochbauz\u00e4une | Transenne.net<\/title>\n<meta name=\"description\" content=\"Die hohen Baustellenz\u00e4une von Transenne.net sind ideale L\u00f6sungen f\u00fcr die Abgrenzung bei Veranstaltungen oder auf dem Bau. Entdecken Sie sie online!\" \/>\n<meta name=\"robots\" content=\"index, follow, max-snippet:-1, max-image-preview:large, max-video-preview:-1\" \/>\n<link rel=\"canonical\" href=\"https:\/\/www.transenne.net\/de\/ausverkauf\/zaun-barengrill-hochhof\/\" \/>\n<meta property=\"og:locale\" content=\"de_DE\" \/>\n<meta property=\"og:type\" content=\"article\" \/>\n<meta property=\"og:title\" content=\"Verkauf von Orsogrill Hochbauz\u00e4une | Transenne.net\" \/>\n<meta property=\"og:description\" content=\"Die hohen Baustellenz\u00e4une von Transenne.net sind ideale L\u00f6sungen f\u00fcr die Abgrenzung bei Veranstaltungen oder auf dem Bau. Entdecken Sie sie online!\" \/>\n<meta property=\"og:url\" content=\"https:\/\/www.transenne.net\/de\/ausverkauf\/zaun-barengrill-hochhof\/\" \/>\n<meta property=\"og:site_name\" content=\"Transenne.net\" \/>\n<meta property=\"article:modified_time\" content=\"2025-10-08T14:24:13+00:00\" \/>\n<meta property=\"og:image\" content=\"https:\/\/www.transenne.net\/wp-content\/uploads\/2023\/02\/01-001-Sistema-mobile-Base.jpg\" \/>\n\t<meta property=\"og:image:width\" content=\"700\" \/>\n\t<meta property=\"og:image:height\" content=\"416\" \/>\n\t<meta property=\"og:image:type\" content=\"image\/jpeg\" \/>\n<meta name=\"twitter:card\" content=\"summary_large_image\" \/>\n<meta name=\"twitter:label1\" content=\"Gesch\u00e4tzte Lesezeit\" \/>\n\t<meta name=\"twitter:data1\" content=\"1\u00a0Minute\" \/>\n<!-- \/ Yoast SEO plugin. -->","yoast_head_json":{"title":"Verkauf von Orsogrill Hochbauz\u00e4une | Transenne.net","description":"Die hohen Baustellenz\u00e4une von Transenne.net sind ideale L\u00f6sungen f\u00fcr die Abgrenzung bei Veranstaltungen oder auf dem Bau. Entdecken Sie sie online!","robots":{"index":"index","follow":"follow","max-snippet":"max-snippet:-1","max-image-preview":"max-image-preview:large","max-video-preview":"max-video-preview:-1"},"canonical":"https:\/\/www.transenne.net\/de\/ausverkauf\/zaun-barengrill-hochhof\/","og_locale":"de_DE","og_type":"article","og_title":"Verkauf von Orsogrill Hochbauz\u00e4une | Transenne.net","og_description":"Die hohen Baustellenz\u00e4une von Transenne.net sind ideale L\u00f6sungen f\u00fcr die Abgrenzung bei Veranstaltungen oder auf dem Bau. Entdecken Sie sie online!","og_url":"https:\/\/www.transenne.net\/de\/ausverkauf\/zaun-barengrill-hochhof\/","og_site_name":"Transenne.net","article_modified_time":"2025-10-08T14:24:13+00:00","og_image":[{"width":700,"height":416,"url":"https:\/\/www.transenne.net\/wp-content\/uploads\/2023\/02\/01-001-Sistema-mobile-Base.jpg","type":"image\/jpeg"}],"twitter_card":"summary_large_image","twitter_misc":{"Gesch\u00e4tzte Lesezeit":"1\u00a0Minute"},"schema":{"@context":"https:\/\/schema.org","@graph":[{"@type":"WebPage","@id":"https:\/\/www.transenne.net\/de\/ausverkauf\/zaun-barengrill-hochhof\/","url":"https:\/\/www.transenne.net\/de\/ausverkauf\/zaun-barengrill-hochhof\/","name":"Verkauf von Orsogrill Hochbauz\u00e4une | Transenne.net","isPartOf":{"@id":"https:\/\/www.transenne.net\/de\/#website"},"primaryImageOfPage":{"@id":"https:\/\/www.transenne.net\/de\/ausverkauf\/zaun-barengrill-hochhof\/#primaryimage"},"image":{"@id":"https:\/\/www.transenne.net\/de\/ausverkauf\/zaun-barengrill-hochhof\/#primaryimage"},"thumbnailUrl":"https:\/\/www.transenne.net\/wp-content\/uploads\/2023\/02\/01-001-Sistema-mobile-Base.jpg","datePublished":"2023-02-22T09:44:14+00:00","dateModified":"2025-10-08T14:24:13+00:00","description":"Die hohen Baustellenz\u00e4une von Transenne.net sind ideale L\u00f6sungen f\u00fcr die Abgrenzung bei Veranstaltungen oder auf dem Bau. Entdecken Sie sie online!","breadcrumb":{"@id":"https:\/\/www.transenne.net\/de\/ausverkauf\/zaun-barengrill-hochhof\/#breadcrumb"},"inLanguage":"de","potentialAction":[{"@type":"ReadAction","target":["https:\/\/www.transenne.net\/de\/ausverkauf\/zaun-barengrill-hochhof\/"]}]},{"@type":"ImageObject","inLanguage":"de","@id":"https:\/\/www.transenne.net\/de\/ausverkauf\/zaun-barengrill-hochhof\/#primaryimage","url":"https:\/\/www.transenne.net\/wp-content\/uploads\/2023\/02\/01-001-Sistema-mobile-Base.jpg","contentUrl":"https:\/\/www.transenne.net\/wp-content\/uploads\/2023\/02\/01-001-Sistema-mobile-Base.jpg","width":700,"height":416},{"@type":"BreadcrumbList","@id":"https:\/\/www.transenne.net\/de\/ausverkauf\/zaun-barengrill-hochhof\/#breadcrumb","itemListElement":[{"@type":"ListItem","position":1,"name":"Home","item":"https:\/\/www.transenne.net\/de\/"},{"@type":"ListItem","position":2,"name":"Verkauf von Barrieren und Event-Produkte","item":"https:\/\/www.transenne.net\/it\/vendita\/"},{"@type":"ListItem","position":3,"name":"Hohe Bauz\u00e4une (Typ Orsogrill)"}]},{"@type":"WebSite","@id":"https:\/\/www.transenne.net\/de\/#website","url":"https:\/\/www.transenne.net\/de\/","name":"Transenne.net","description":"","publisher":{"@id":"https:\/\/www.transenne.net\/de\/#organization"},"potentialAction":[{"@type":"SearchAction","target":{"@type":"EntryPoint","urlTemplate":"https:\/\/www.transenne.net\/de\/?s={search_term_string}"},"query-input":{"@type":"PropertyValueSpecification","valueRequired":true,"valueName":"search_term_string"}}],"inLanguage":"de"},{"@type":"Organization","@id":"https:\/\/www.transenne.net\/de\/#organization","name":"Transenne.net","url":"https:\/\/www.transenne.net\/de\/","logo":{"@type":"ImageObject","inLanguage":"de","@id":"https:\/\/www.transenne.net\/de\/#\/schema\/logo\/image\/","url":"https:\/\/www.transenne.net\/wp-content\/uploads\/2022\/05\/logo_transenne-1.png","contentUrl":"https:\/\/www.transenne.net\/wp-content\/uploads\/2022\/05\/logo_transenne-1.png","width":1536,"height":186,"caption":"Transenne.net"},"image":{"@id":"https:\/\/www.transenne.net\/de\/#\/schema\/logo\/image\/"}}]}},"_links":{"self":[{"href":"https:\/\/www.transenne.net\/de\/wp-json\/wp\/v2\/product\/7641","targetHints":{"allow":["GET"]}}],"collection":[{"href":"https:\/\/www.transenne.net\/de\/wp-json\/wp\/v2\/product"}],"about":[{"href":"https:\/\/www.transenne.net\/de\/wp-json\/wp\/v2\/types\/product"}],"wp:featuredmedia":[{"embeddable":true,"href":"https:\/\/www.transenne.net\/de\/wp-json\/wp\/v2\/media\/7916"}],"wp:attachment":[{"href":"https:\/\/www.transenne.net\/de\/wp-json\/wp\/v2\/media?parent=7641"}],"wp:term":[{"taxonomy":"event-type","embeddable":true,"href":"https:\/\/www.transenne.net\/de\/wp-json\/wp\/v2\/event-type?post=7641"},{"taxonomy":"product_brand","embeddable":true,"href":"https:\/\/www.transenne.net\/de\/wp-json\/wp\/v2\/product_brand?post=7641"},{"taxonomy":"product_cat","embeddable":true,"href":"https:\/\/www.transenne.net\/de\/wp-json\/wp\/v2\/product_cat?post=7641"},{"taxonomy":"product_tag","embeddable":true,"href":"https:\/\/www.transenne.net\/de\/wp-json\/wp\/v2\/product_tag?post=7641"}],"curies":[{"name":"wp","href":"https:\/\/api.w.org\/{rel}","templated":true}]}}