{"id":7629,"date":"2023-05-12T09:27:19","date_gmt":"2023-05-12T07:27:19","guid":{"rendered":"https:\/\/www.transenne.net\/vendita\/messe-und-ausstellerstaende\/"},"modified":"2025-10-07T13:13:28","modified_gmt":"2025-10-07T11:13:28","slug":"stand_fieristici","status":"publish","type":"product","link":"https:\/\/www.transenne.net\/de\/ausverkauf\/stand_fieristici\/","title":{"rendered":"Messe- und Ausstellerst\u00e4nde"},"content":{"rendered":"","protected":false},"excerpt":{"rendered":"<p>Willkommen auf unserer Website f\u00fcr modulare Barrieren f\u00fcr Messest\u00e4nde und Firmeneinrichtungen. Wir bieten eine innovative L\u00f6sung, um R\u00e4ume, die auf einfache, kosteng\u00fcnstige und hochgradig anpassbare Weise an Ihr Unternehmensimage angepasst sind, zu schaffen.<\/p>\n<p>Unsere modularen Barrieren bestehen aus leichten und robusten Rohren, die so konzipiert sind, dass sie in nur wenigen Minuten leicht transportiert und montiert werden k\u00f6nnen. Mit einer H\u00f6he von 2 Metern bieten sie eine gro\u00dfe Fl\u00e4che zum Anpassen des grafischen Gewebes, das die Struktur bedeckt.<\/p>\n<p>Das Hauptmerkmal unserer Barrieren ist ihre Modularit\u00e4t. Dies bedeutet, dass Komponenten einfach angeordnet werden k\u00f6nnen, um unterschiedliche Ausstellungsraumkonfigurationen zu erstellen, was Einrichtungskosten spart und es Unternehmen erm\u00f6glicht, dieselbe Struktur bei zahlreichen Gelegenheiten zu verwenden.<\/p>\n<p>Wir bieten auch einen Zusatzservice f\u00fcr den Austausch des personalisierten Grafikblatts an, falls sich die Kommunikationsbed\u00fcrfnisse des Unternehmens \u00e4ndern.<\/p>\n<p>Auf diese Weise kann die Struktur jahrelang mit einer Vielzahl von Botschaften verwendet werden, was jedes Mal Zeit und Geld bei der Gestaltung individueller Messest\u00e4nde spart.<\/p>\n<p>Mit unseren modularen Barrieren steht Ihr Unternehmensauftritt immer im Mittelpunkt.<br \/>\nEntdecken Sie die gewinnbringende Kombination mit unseren <strong><br \/>\n  <a href=\"https:\/\/www.transenne.net\/de\/ausverkauf\/werbebarrieren\/\">Werbebarrieren!<\/a><br \/>\n<\/strong> Sie k\u00f6nnen Ihren kompletten und originellen Stand zusammenstellen, indem Sie die Grafiken und die Kommunikation ausw\u00e4hlen, die Sie am besten identifizieren!<\/p>\n<p>&nbsp;<\/p>\n<p>Egal, ob es sich um eine Messe, eine Firmenveranstaltung oder eine Konferenz handelt, Sie k\u00f6nnen ein personalisiertes und professionelles Umfeld schaffen, das die Aufmerksamkeit der Besucher auf sich zieht und sie einl\u00e4dt, mehr \u00fcber Ihr Unternehmen zu erfahren.<\/p>\n<p><a href=\"https:\/\/www.transenne.net\/de\/kontaktieren-sie-uns\/\">Kontaktieren Sie uns<\/a> f\u00fcr weitere Informationen und um herauszufinden, wie unsere modularen Barrieren Ihrem Unternehmen helfen k\u00f6nnen, Zeit und Geld zu sparen und gleichzeitig ma\u00dfgeschneiderte und auff\u00e4llige Ausstellungsr\u00e4ume zu schaffen.<\/p>\n","protected":false},"featured_media":6855,"template":"","meta":{"_acf_changed":false,"content-type":"","inline_featured_image":false},"event-type":[473],"product_brand":[],"product_cat":[104],"product_tag":[],"class_list":{"0":"post-7629","1":"product","2":"type-product","3":"status-publish","4":"has-post-thumbnail","6":"event-type-stand-fieristici-e-pubblicitari","7":"product_cat-hurde","8":"product_shipping_class-1-palette","10":"first","11":"instock","12":"sale","13":"taxable","14":"shipping-taxable","15":"purchasable","16":"product-type-variable","17":"has-default-attributes"},"acf":[],"yoast_head":"<!-- This site is optimized with the Yoast SEO plugin v27.3 - https:\/\/yoast.com\/product\/yoast-seo-wordpress\/ -->\n<title>Messest\u00e4nde - Aussteller Events - Aussteller Messen | Transenne.net<\/title>\n<meta name=\"description\" content=\"Entdecken Sie die optimalen L\u00f6sungen f\u00fcr Ihren Messestand! Dank unserer Eventdisplays k\u00f6nnen Sie Einrichtungskosten sparen.\" \/>\n<meta name=\"robots\" content=\"index, follow, max-snippet:-1, max-image-preview:large, max-video-preview:-1\" \/>\n<link rel=\"canonical\" href=\"https:\/\/www.transenne.net\/de\/ausverkauf\/stand_fieristici\/\" \/>\n<meta property=\"og:locale\" content=\"de_DE\" \/>\n<meta property=\"og:type\" content=\"article\" \/>\n<meta property=\"og:title\" content=\"Messest\u00e4nde - Aussteller Events - Aussteller Messen | Transenne.net\" \/>\n<meta property=\"og:description\" content=\"Entdecken Sie die optimalen L\u00f6sungen f\u00fcr Ihren Messestand! Dank unserer Eventdisplays k\u00f6nnen Sie Einrichtungskosten sparen.\" \/>\n<meta property=\"og:url\" content=\"https:\/\/www.transenne.net\/de\/ausverkauf\/stand_fieristici\/\" \/>\n<meta property=\"og:site_name\" content=\"Transenne.net\" \/>\n<meta property=\"article:modified_time\" content=\"2025-10-07T11:13:28+00:00\" \/>\n<meta property=\"og:image\" content=\"https:\/\/www.transenne.net\/wp-content\/uploads\/2023\/05\/TELLUS.png\" \/>\n\t<meta property=\"og:image:width\" content=\"1600\" \/>\n\t<meta property=\"og:image:height\" content=\"1200\" \/>\n\t<meta property=\"og:image:type\" content=\"image\/png\" \/>\n<meta name=\"twitter:card\" content=\"summary_large_image\" \/>\n<!-- \/ Yoast SEO plugin. -->","yoast_head_json":{"title":"Messest\u00e4nde - Aussteller Events - Aussteller Messen | Transenne.net","description":"Entdecken Sie die optimalen L\u00f6sungen f\u00fcr Ihren Messestand! Dank unserer Eventdisplays k\u00f6nnen Sie Einrichtungskosten sparen.","robots":{"index":"index","follow":"follow","max-snippet":"max-snippet:-1","max-image-preview":"max-image-preview:large","max-video-preview":"max-video-preview:-1"},"canonical":"https:\/\/www.transenne.net\/de\/ausverkauf\/stand_fieristici\/","og_locale":"de_DE","og_type":"article","og_title":"Messest\u00e4nde - Aussteller Events - Aussteller Messen | Transenne.net","og_description":"Entdecken Sie die optimalen L\u00f6sungen f\u00fcr Ihren Messestand! Dank unserer Eventdisplays k\u00f6nnen Sie Einrichtungskosten sparen.","og_url":"https:\/\/www.transenne.net\/de\/ausverkauf\/stand_fieristici\/","og_site_name":"Transenne.net","article_modified_time":"2025-10-07T11:13:28+00:00","og_image":[{"width":1600,"height":1200,"url":"https:\/\/www.transenne.net\/wp-content\/uploads\/2023\/05\/TELLUS.png","type":"image\/png"}],"twitter_card":"summary_large_image","schema":{"@context":"https:\/\/schema.org","@graph":[{"@type":"WebPage","@id":"https:\/\/www.transenne.net\/de\/ausverkauf\/stand_fieristici\/","url":"https:\/\/www.transenne.net\/de\/ausverkauf\/stand_fieristici\/","name":"Messest\u00e4nde - Aussteller Events - Aussteller Messen | Transenne.net","isPartOf":{"@id":"https:\/\/www.transenne.net\/de\/#website"},"primaryImageOfPage":{"@id":"https:\/\/www.transenne.net\/de\/ausverkauf\/stand_fieristici\/#primaryimage"},"image":{"@id":"https:\/\/www.transenne.net\/de\/ausverkauf\/stand_fieristici\/#primaryimage"},"thumbnailUrl":"https:\/\/www.transenne.net\/wp-content\/uploads\/2023\/05\/TELLUS.png","datePublished":"2023-05-12T07:27:19+00:00","dateModified":"2025-10-07T11:13:28+00:00","description":"Entdecken Sie die optimalen L\u00f6sungen f\u00fcr Ihren Messestand! Dank unserer Eventdisplays k\u00f6nnen Sie Einrichtungskosten sparen.","breadcrumb":{"@id":"https:\/\/www.transenne.net\/de\/ausverkauf\/stand_fieristici\/#breadcrumb"},"inLanguage":"de","potentialAction":[{"@type":"ReadAction","target":["https:\/\/www.transenne.net\/de\/ausverkauf\/stand_fieristici\/"]}]},{"@type":"ImageObject","inLanguage":"de","@id":"https:\/\/www.transenne.net\/de\/ausverkauf\/stand_fieristici\/#primaryimage","url":"https:\/\/www.transenne.net\/wp-content\/uploads\/2023\/05\/TELLUS.png","contentUrl":"https:\/\/www.transenne.net\/wp-content\/uploads\/2023\/05\/TELLUS.png","width":1600,"height":1200},{"@type":"BreadcrumbList","@id":"https:\/\/www.transenne.net\/de\/ausverkauf\/stand_fieristici\/#breadcrumb","itemListElement":[{"@type":"ListItem","position":1,"name":"Home","item":"https:\/\/www.transenne.net\/de\/"},{"@type":"ListItem","position":2,"name":"Verkauf von Barrieren und Event-Produkte","item":"https:\/\/www.transenne.net\/it\/vendita\/"},{"@type":"ListItem","position":3,"name":"Messe- und Ausstellerst\u00e4nde"}]},{"@type":"WebSite","@id":"https:\/\/www.transenne.net\/de\/#website","url":"https:\/\/www.transenne.net\/de\/","name":"Transenne.net","description":"","publisher":{"@id":"https:\/\/www.transenne.net\/de\/#organization"},"potentialAction":[{"@type":"SearchAction","target":{"@type":"EntryPoint","urlTemplate":"https:\/\/www.transenne.net\/de\/?s={search_term_string}"},"query-input":{"@type":"PropertyValueSpecification","valueRequired":true,"valueName":"search_term_string"}}],"inLanguage":"de"},{"@type":"Organization","@id":"https:\/\/www.transenne.net\/de\/#organization","name":"Transenne.net","url":"https:\/\/www.transenne.net\/de\/","logo":{"@type":"ImageObject","inLanguage":"de","@id":"https:\/\/www.transenne.net\/de\/#\/schema\/logo\/image\/","url":"https:\/\/www.transenne.net\/wp-content\/uploads\/2022\/05\/logo_transenne-1.png","contentUrl":"https:\/\/www.transenne.net\/wp-content\/uploads\/2022\/05\/logo_transenne-1.png","width":1536,"height":186,"caption":"Transenne.net"},"image":{"@id":"https:\/\/www.transenne.net\/de\/#\/schema\/logo\/image\/"}}]}},"_links":{"self":[{"href":"https:\/\/www.transenne.net\/de\/wp-json\/wp\/v2\/product\/7629","targetHints":{"allow":["GET"]}}],"collection":[{"href":"https:\/\/www.transenne.net\/de\/wp-json\/wp\/v2\/product"}],"about":[{"href":"https:\/\/www.transenne.net\/de\/wp-json\/wp\/v2\/types\/product"}],"wp:featuredmedia":[{"embeddable":true,"href":"https:\/\/www.transenne.net\/de\/wp-json\/wp\/v2\/media\/6855"}],"wp:attachment":[{"href":"https:\/\/www.transenne.net\/de\/wp-json\/wp\/v2\/media?parent=7629"}],"wp:term":[{"taxonomy":"event-type","embeddable":true,"href":"https:\/\/www.transenne.net\/de\/wp-json\/wp\/v2\/event-type?post=7629"},{"taxonomy":"product_brand","embeddable":true,"href":"https:\/\/www.transenne.net\/de\/wp-json\/wp\/v2\/product_brand?post=7629"},{"taxonomy":"product_cat","embeddable":true,"href":"https:\/\/www.transenne.net\/de\/wp-json\/wp\/v2\/product_cat?post=7629"},{"taxonomy":"product_tag","embeddable":true,"href":"https:\/\/www.transenne.net\/de\/wp-json\/wp\/v2\/product_tag?post=7629"}],"curies":[{"name":"wp","href":"https:\/\/api.w.org\/{rel}","templated":true}]}}