{"id":7622,"date":"2023-10-26T15:53:20","date_gmt":"2023-10-26T13:53:20","guid":{"rendered":"https:\/\/www.transenne.net\/vendita\/baustellenjalousie-gewellt-200x210\/"},"modified":"2025-10-08T16:20:37","modified_gmt":"2025-10-08T14:20:37","slug":"jalousie-bauzaune","status":"publish","type":"product","link":"https:\/\/www.transenne.net\/de\/ausverkauf\/jalousie-bauzaune\/","title":{"rendered":"Blinde Wellpapp-Baustelle"},"content":{"rendered":"","protected":false},"excerpt":{"rendered":"<p>Unsere Baustellen-Blindz\u00e4une wurden sorgf\u00e4ltig entwickelt, um spezifische Bed\u00fcrfnisse zu erf\u00fcllen und strengen Qualit\u00e4tsvorschriften zu entsprechen. Finden Sie heraus, wie unsere L\u00f6sungen Ihre Baustelle verbessern k\u00f6nnen.<\/p>\n","protected":false},"featured_media":8019,"template":"","meta":{"_acf_changed":false,"content-type":"","inline_featured_image":false},"event-type":[475],"product_brand":[],"product_cat":[104],"product_tag":[],"class_list":{"0":"post-7622","1":"product","2":"type-product","3":"status-publish","4":"has-post-thumbnail","6":"event-type-edilizia-e-sicurezza-aziendale","7":"product_cat-hurde","8":"product_shipping_class-wellpappe-orsogril-kippschutz","10":"first","11":"instock","12":"sale","13":"taxable","14":"shipping-taxable","15":"purchasable","16":"product-type-variable","17":"has-default-attributes"},"acf":[],"yoast_head":"<!-- This site is optimized with the Yoast SEO plugin v27.3 - https:\/\/yoast.com\/product\/yoast-seo-wordpress\/ -->\n<title>Blinde Wellpapp-Baustelle - Transenne.net<\/title>\n<meta name=\"description\" content=\"Baustelle f\u00fcr Wellpappjalousien: Sicherheit, Privatsph\u00e4re und Funktionalit\u00e4t. Sch\u00fctzen Sie Ihre Baustelle mit langlebigen Z\u00e4unen und bewahren Sie die Diskretion Ihres Bauprojekts. Kontaktieren Sie uns f\u00fcr ein kostenloses Angebot.\" \/>\n<meta name=\"robots\" content=\"index, follow, max-snippet:-1, max-image-preview:large, max-video-preview:-1\" \/>\n<link rel=\"canonical\" href=\"https:\/\/www.transenne.net\/de\/ausverkauf\/jalousie-bauzaune\/\" \/>\n<meta property=\"og:locale\" content=\"de_DE\" \/>\n<meta property=\"og:type\" content=\"article\" \/>\n<meta property=\"og:title\" content=\"Blinde Wellpapp-Baustelle - Transenne.net\" \/>\n<meta property=\"og:description\" content=\"Baustelle f\u00fcr Wellpappjalousien: Sicherheit, Privatsph\u00e4re und Funktionalit\u00e4t. Sch\u00fctzen Sie Ihre Baustelle mit langlebigen Z\u00e4unen und bewahren Sie die Diskretion Ihres Bauprojekts. Kontaktieren Sie uns f\u00fcr ein kostenloses Angebot.\" \/>\n<meta property=\"og:url\" content=\"https:\/\/www.transenne.net\/de\/ausverkauf\/jalousie-bauzaune\/\" \/>\n<meta property=\"og:site_name\" content=\"Transenne.net\" \/>\n<meta property=\"article:modified_time\" content=\"2025-10-08T14:20:37+00:00\" \/>\n<meta property=\"og:image\" content=\"https:\/\/www.transenne.net\/wp-content\/uploads\/2023\/10\/Grecato-Cieco-Transenne.png\" \/>\n\t<meta property=\"og:image:width\" content=\"940\" \/>\n\t<meta property=\"og:image:height\" content=\"788\" \/>\n\t<meta property=\"og:image:type\" content=\"image\/png\" \/>\n<meta name=\"twitter:card\" content=\"summary_large_image\" \/>\n<meta name=\"twitter:label1\" content=\"Gesch\u00e4tzte Lesezeit\" \/>\n\t<meta name=\"twitter:data1\" content=\"1\u00a0Minute\" \/>\n<!-- \/ Yoast SEO plugin. -->","yoast_head_json":{"title":"Blinde Wellpapp-Baustelle - Transenne.net","description":"Baustelle f\u00fcr Wellpappjalousien: Sicherheit, Privatsph\u00e4re und Funktionalit\u00e4t. Sch\u00fctzen Sie Ihre Baustelle mit langlebigen Z\u00e4unen und bewahren Sie die Diskretion Ihres Bauprojekts. Kontaktieren Sie uns f\u00fcr ein kostenloses Angebot.","robots":{"index":"index","follow":"follow","max-snippet":"max-snippet:-1","max-image-preview":"max-image-preview:large","max-video-preview":"max-video-preview:-1"},"canonical":"https:\/\/www.transenne.net\/de\/ausverkauf\/jalousie-bauzaune\/","og_locale":"de_DE","og_type":"article","og_title":"Blinde Wellpapp-Baustelle - Transenne.net","og_description":"Baustelle f\u00fcr Wellpappjalousien: Sicherheit, Privatsph\u00e4re und Funktionalit\u00e4t. Sch\u00fctzen Sie Ihre Baustelle mit langlebigen Z\u00e4unen und bewahren Sie die Diskretion Ihres Bauprojekts. Kontaktieren Sie uns f\u00fcr ein kostenloses Angebot.","og_url":"https:\/\/www.transenne.net\/de\/ausverkauf\/jalousie-bauzaune\/","og_site_name":"Transenne.net","article_modified_time":"2025-10-08T14:20:37+00:00","og_image":[{"width":940,"height":788,"url":"https:\/\/www.transenne.net\/wp-content\/uploads\/2023\/10\/Grecato-Cieco-Transenne.png","type":"image\/png"}],"twitter_card":"summary_large_image","twitter_misc":{"Gesch\u00e4tzte Lesezeit":"1\u00a0Minute"},"schema":{"@context":"https:\/\/schema.org","@graph":[{"@type":"WebPage","@id":"https:\/\/www.transenne.net\/de\/ausverkauf\/jalousie-bauzaune\/","url":"https:\/\/www.transenne.net\/de\/ausverkauf\/jalousie-bauzaune\/","name":"Blinde Wellpapp-Baustelle - Transenne.net","isPartOf":{"@id":"https:\/\/www.transenne.net\/de\/#website"},"primaryImageOfPage":{"@id":"https:\/\/www.transenne.net\/de\/ausverkauf\/jalousie-bauzaune\/#primaryimage"},"image":{"@id":"https:\/\/www.transenne.net\/de\/ausverkauf\/jalousie-bauzaune\/#primaryimage"},"thumbnailUrl":"https:\/\/www.transenne.net\/wp-content\/uploads\/2023\/10\/Grecato-Cieco-Transenne.png","datePublished":"2023-10-26T13:53:20+00:00","dateModified":"2025-10-08T14:20:37+00:00","description":"Baustelle f\u00fcr Wellpappjalousien: Sicherheit, Privatsph\u00e4re und Funktionalit\u00e4t. Sch\u00fctzen Sie Ihre Baustelle mit langlebigen Z\u00e4unen und bewahren Sie die Diskretion Ihres Bauprojekts. Kontaktieren Sie uns f\u00fcr ein kostenloses Angebot.","breadcrumb":{"@id":"https:\/\/www.transenne.net\/de\/ausverkauf\/jalousie-bauzaune\/#breadcrumb"},"inLanguage":"de","potentialAction":[{"@type":"ReadAction","target":["https:\/\/www.transenne.net\/de\/ausverkauf\/jalousie-bauzaune\/"]}]},{"@type":"ImageObject","inLanguage":"de","@id":"https:\/\/www.transenne.net\/de\/ausverkauf\/jalousie-bauzaune\/#primaryimage","url":"https:\/\/www.transenne.net\/wp-content\/uploads\/2023\/10\/Grecato-Cieco-Transenne.png","contentUrl":"https:\/\/www.transenne.net\/wp-content\/uploads\/2023\/10\/Grecato-Cieco-Transenne.png","width":940,"height":788},{"@type":"BreadcrumbList","@id":"https:\/\/www.transenne.net\/de\/ausverkauf\/jalousie-bauzaune\/#breadcrumb","itemListElement":[{"@type":"ListItem","position":1,"name":"Home","item":"https:\/\/www.transenne.net\/de\/"},{"@type":"ListItem","position":2,"name":"Verkauf von Barrieren und Event-Produkte","item":"https:\/\/www.transenne.net\/it\/vendita\/"},{"@type":"ListItem","position":3,"name":"Blinde Wellpapp-Baustelle"}]},{"@type":"WebSite","@id":"https:\/\/www.transenne.net\/de\/#website","url":"https:\/\/www.transenne.net\/de\/","name":"Transenne.net","description":"","publisher":{"@id":"https:\/\/www.transenne.net\/de\/#organization"},"potentialAction":[{"@type":"SearchAction","target":{"@type":"EntryPoint","urlTemplate":"https:\/\/www.transenne.net\/de\/?s={search_term_string}"},"query-input":{"@type":"PropertyValueSpecification","valueRequired":true,"valueName":"search_term_string"}}],"inLanguage":"de"},{"@type":"Organization","@id":"https:\/\/www.transenne.net\/de\/#organization","name":"Transenne.net","url":"https:\/\/www.transenne.net\/de\/","logo":{"@type":"ImageObject","inLanguage":"de","@id":"https:\/\/www.transenne.net\/de\/#\/schema\/logo\/image\/","url":"https:\/\/www.transenne.net\/wp-content\/uploads\/2022\/05\/logo_transenne-1.png","contentUrl":"https:\/\/www.transenne.net\/wp-content\/uploads\/2022\/05\/logo_transenne-1.png","width":1536,"height":186,"caption":"Transenne.net"},"image":{"@id":"https:\/\/www.transenne.net\/de\/#\/schema\/logo\/image\/"}}]}},"_links":{"self":[{"href":"https:\/\/www.transenne.net\/de\/wp-json\/wp\/v2\/product\/7622","targetHints":{"allow":["GET"]}}],"collection":[{"href":"https:\/\/www.transenne.net\/de\/wp-json\/wp\/v2\/product"}],"about":[{"href":"https:\/\/www.transenne.net\/de\/wp-json\/wp\/v2\/types\/product"}],"wp:featuredmedia":[{"embeddable":true,"href":"https:\/\/www.transenne.net\/de\/wp-json\/wp\/v2\/media\/8019"}],"wp:attachment":[{"href":"https:\/\/www.transenne.net\/de\/wp-json\/wp\/v2\/media?parent=7622"}],"wp:term":[{"taxonomy":"event-type","embeddable":true,"href":"https:\/\/www.transenne.net\/de\/wp-json\/wp\/v2\/event-type?post=7622"},{"taxonomy":"product_brand","embeddable":true,"href":"https:\/\/www.transenne.net\/de\/wp-json\/wp\/v2\/product_brand?post=7622"},{"taxonomy":"product_cat","embeddable":true,"href":"https:\/\/www.transenne.net\/de\/wp-json\/wp\/v2\/product_cat?post=7622"},{"taxonomy":"product_tag","embeddable":true,"href":"https:\/\/www.transenne.net\/de\/wp-json\/wp\/v2\/product_tag?post=7622"}],"curies":[{"name":"wp","href":"https:\/\/api.w.org\/{rel}","templated":true}]}}