{"id":6155,"date":"2022-09-26T16:20:20","date_gmt":"2022-09-26T14:20:20","guid":{"rendered":"https:\/\/www.transenne.net\/vendita\/arbeit-weiss-rot\/"},"modified":"2025-10-07T13:13:47","modified_gmt":"2025-10-07T11:13:47","slug":"arbeits-weis-rot","status":"publish","type":"product","link":"https:\/\/www.transenne.net\/de\/ausverkauf\/arbeits-weis-rot\/","title":{"rendered":"Wei\u00dfe und rote Barriere WORK"},"content":{"rendered":"","protected":false},"excerpt":{"rendered":"<p>Ideal f\u00fcr jeden generischen Bereich.<\/p>\n","protected":false},"featured_media":6016,"template":"","meta":{"_acf_changed":false,"content-type":"","inline_featured_image":false},"event-type":[477],"product_brand":[],"product_cat":[142],"product_tag":[],"class_list":{"0":"post-6155","1":"product","2":"type-product","3":"status-publish","4":"has-post-thumbnail","6":"event-type-barriere-di-sicurezza-con-segnaletica-iso","7":"product_cat-schranke","9":"first","10":"instock","11":"taxable","12":"shipping-taxable","13":"purchasable","14":"product-type-variable","15":"has-default-attributes"},"acf":[],"yoast_head":"<!-- This site is optimized with the Yoast SEO plugin v27.3 - https:\/\/yoast.com\/product\/yoast-seo-wordpress\/ -->\n<title>Wei\u00dfe und rote Barriere WORK - Transenne.net<\/title>\n<meta name=\"description\" content=\"Die rot-wei\u00dfe WORK-Schranke eignet sich dank der hohen Sichtbarkeit und der mitgelieferten Beschilderung perfekt f\u00fcr die sichere Signalisierung von Bedienern bei der Arbeit. Entdecken Sie es.\" \/>\n<meta name=\"robots\" content=\"index, follow, max-snippet:-1, max-image-preview:large, max-video-preview:-1\" \/>\n<link rel=\"canonical\" href=\"https:\/\/www.transenne.net\/de\/ausverkauf\/arbeits-weis-rot\/\" \/>\n<meta property=\"og:locale\" content=\"de_DE\" \/>\n<meta property=\"og:type\" content=\"article\" \/>\n<meta property=\"og:title\" content=\"Wei\u00dfe und rote Barriere WORK - Transenne.net\" \/>\n<meta property=\"og:description\" content=\"Die rot-wei\u00dfe WORK-Schranke eignet sich dank der hohen Sichtbarkeit und der mitgelieferten Beschilderung perfekt f\u00fcr die sichere Signalisierung von Bedienern bei der Arbeit. Entdecken Sie es.\" \/>\n<meta property=\"og:url\" content=\"https:\/\/www.transenne.net\/de\/ausverkauf\/arbeits-weis-rot\/\" \/>\n<meta property=\"og:site_name\" content=\"Transenne.net\" \/>\n<meta property=\"article:modified_time\" content=\"2025-10-07T11:13:47+00:00\" \/>\n<meta property=\"og:image\" content=\"https:\/\/www.transenne.net\/wp-content\/uploads\/2022\/09\/barriera-work_80_3.png\" \/>\n\t<meta property=\"og:image:width\" content=\"915\" \/>\n\t<meta property=\"og:image:height\" content=\"378\" \/>\n\t<meta property=\"og:image:type\" content=\"image\/png\" \/>\n<meta name=\"twitter:card\" content=\"summary_large_image\" \/>\n<!-- \/ Yoast SEO plugin. -->","yoast_head_json":{"title":"Wei\u00dfe und rote Barriere WORK - Transenne.net","description":"Die rot-wei\u00dfe WORK-Schranke eignet sich dank der hohen Sichtbarkeit und der mitgelieferten Beschilderung perfekt f\u00fcr die sichere Signalisierung von Bedienern bei der Arbeit. Entdecken Sie es.","robots":{"index":"index","follow":"follow","max-snippet":"max-snippet:-1","max-image-preview":"max-image-preview:large","max-video-preview":"max-video-preview:-1"},"canonical":"https:\/\/www.transenne.net\/de\/ausverkauf\/arbeits-weis-rot\/","og_locale":"de_DE","og_type":"article","og_title":"Wei\u00dfe und rote Barriere WORK - Transenne.net","og_description":"Die rot-wei\u00dfe WORK-Schranke eignet sich dank der hohen Sichtbarkeit und der mitgelieferten Beschilderung perfekt f\u00fcr die sichere Signalisierung von Bedienern bei der Arbeit. Entdecken Sie es.","og_url":"https:\/\/www.transenne.net\/de\/ausverkauf\/arbeits-weis-rot\/","og_site_name":"Transenne.net","article_modified_time":"2025-10-07T11:13:47+00:00","og_image":[{"width":915,"height":378,"url":"https:\/\/www.transenne.net\/wp-content\/uploads\/2022\/09\/barriera-work_80_3.png","type":"image\/png"}],"twitter_card":"summary_large_image","schema":{"@context":"https:\/\/schema.org","@graph":[{"@type":"WebPage","@id":"https:\/\/www.transenne.net\/de\/ausverkauf\/arbeits-weis-rot\/","url":"https:\/\/www.transenne.net\/de\/ausverkauf\/arbeits-weis-rot\/","name":"Wei\u00dfe und rote Barriere WORK - Transenne.net","isPartOf":{"@id":"https:\/\/www.transenne.net\/de\/#website"},"primaryImageOfPage":{"@id":"https:\/\/www.transenne.net\/de\/ausverkauf\/arbeits-weis-rot\/#primaryimage"},"image":{"@id":"https:\/\/www.transenne.net\/de\/ausverkauf\/arbeits-weis-rot\/#primaryimage"},"thumbnailUrl":"https:\/\/www.transenne.net\/wp-content\/uploads\/2022\/09\/barriera-work_80_3.png","datePublished":"2022-09-26T14:20:20+00:00","dateModified":"2025-10-07T11:13:47+00:00","description":"Die rot-wei\u00dfe WORK-Schranke eignet sich dank der hohen Sichtbarkeit und der mitgelieferten Beschilderung perfekt f\u00fcr die sichere Signalisierung von Bedienern bei der Arbeit. Entdecken Sie es.","breadcrumb":{"@id":"https:\/\/www.transenne.net\/de\/ausverkauf\/arbeits-weis-rot\/#breadcrumb"},"inLanguage":"de","potentialAction":[{"@type":"ReadAction","target":["https:\/\/www.transenne.net\/de\/ausverkauf\/arbeits-weis-rot\/"]}]},{"@type":"ImageObject","inLanguage":"de","@id":"https:\/\/www.transenne.net\/de\/ausverkauf\/arbeits-weis-rot\/#primaryimage","url":"https:\/\/www.transenne.net\/wp-content\/uploads\/2022\/09\/barriera-work_80_3.png","contentUrl":"https:\/\/www.transenne.net\/wp-content\/uploads\/2022\/09\/barriera-work_80_3.png","width":915,"height":378,"caption":"Wei\u00dfe und rote Barriere WORK Transenne.net"},{"@type":"BreadcrumbList","@id":"https:\/\/www.transenne.net\/de\/ausverkauf\/arbeits-weis-rot\/#breadcrumb","itemListElement":[{"@type":"ListItem","position":1,"name":"Home","item":"https:\/\/www.transenne.net\/de\/"},{"@type":"ListItem","position":2,"name":"Verkauf von Barrieren und Event-Produkte","item":"https:\/\/www.transenne.net\/it\/vendita\/"},{"@type":"ListItem","position":3,"name":"Wei\u00dfe und rote Barriere WORK"}]},{"@type":"WebSite","@id":"https:\/\/www.transenne.net\/de\/#website","url":"https:\/\/www.transenne.net\/de\/","name":"Transenne.net","description":"","publisher":{"@id":"https:\/\/www.transenne.net\/de\/#organization"},"potentialAction":[{"@type":"SearchAction","target":{"@type":"EntryPoint","urlTemplate":"https:\/\/www.transenne.net\/de\/?s={search_term_string}"},"query-input":{"@type":"PropertyValueSpecification","valueRequired":true,"valueName":"search_term_string"}}],"inLanguage":"de"},{"@type":"Organization","@id":"https:\/\/www.transenne.net\/de\/#organization","name":"Transenne.net","url":"https:\/\/www.transenne.net\/de\/","logo":{"@type":"ImageObject","inLanguage":"de","@id":"https:\/\/www.transenne.net\/de\/#\/schema\/logo\/image\/","url":"https:\/\/www.transenne.net\/wp-content\/uploads\/2022\/05\/logo_transenne-1.png","contentUrl":"https:\/\/www.transenne.net\/wp-content\/uploads\/2022\/05\/logo_transenne-1.png","width":1536,"height":186,"caption":"Transenne.net"},"image":{"@id":"https:\/\/www.transenne.net\/de\/#\/schema\/logo\/image\/"}}]}},"_links":{"self":[{"href":"https:\/\/www.transenne.net\/de\/wp-json\/wp\/v2\/product\/6155","targetHints":{"allow":["GET"]}}],"collection":[{"href":"https:\/\/www.transenne.net\/de\/wp-json\/wp\/v2\/product"}],"about":[{"href":"https:\/\/www.transenne.net\/de\/wp-json\/wp\/v2\/types\/product"}],"wp:featuredmedia":[{"embeddable":true,"href":"https:\/\/www.transenne.net\/de\/wp-json\/wp\/v2\/media\/6016"}],"wp:attachment":[{"href":"https:\/\/www.transenne.net\/de\/wp-json\/wp\/v2\/media?parent=6155"}],"wp:term":[{"taxonomy":"event-type","embeddable":true,"href":"https:\/\/www.transenne.net\/de\/wp-json\/wp\/v2\/event-type?post=6155"},{"taxonomy":"product_brand","embeddable":true,"href":"https:\/\/www.transenne.net\/de\/wp-json\/wp\/v2\/product_brand?post=6155"},{"taxonomy":"product_cat","embeddable":true,"href":"https:\/\/www.transenne.net\/de\/wp-json\/wp\/v2\/product_cat?post=6155"},{"taxonomy":"product_tag","embeddable":true,"href":"https:\/\/www.transenne.net\/de\/wp-json\/wp\/v2\/product_tag?post=6155"}],"curies":[{"name":"wp","href":"https:\/\/api.w.org\/{rel}","templated":true}]}}